{"id":1030,"date":"2020-06-11T17:13:49","date_gmt":"2020-06-11T15:13:49","guid":{"rendered":"https:\/\/ditoma.de\/paint-trade-and-equipment\/own-brands\/"},"modified":"2020-06-27T16:08:29","modified_gmt":"2020-06-27T14:08:29","slug":"own-brands","status":"publish","type":"page","link":"https:\/\/ditoma.de\/en\/paint-trade-and-equipment\/own-brands\/","title":{"rendered":"Own brands"},"content":{"rendered":"<p><div class=\"fusion-fullwidth fullwidth-box fusion-builder-row-1 nonhundred-percent-fullwidth non-hundred-percent-height-scrolling\" style=\"--awb-border-radius-top-left:0px;--awb-border-radius-top-right:0px;--awb-border-radius-bottom-right:0px;--awb-border-radius-bottom-left:0px;--awb-padding-top:10%;--awb-padding-bottom:10%;--awb-padding-left:3%;--awb-flex-wrap:wrap;\" ><div class=\"fusion-builder-row fusion-row\"><div class=\"fusion-layout-column fusion_builder_column fusion-builder-column-0 fusion_builder_column_2_5 2_5 fusion-two-fifth fusion-column-first fusion-animated\" style=\"--awb-bg-size:cover;width:40%;width:calc(40% - ( ( 4% ) * 0.4 ) );margin-right: 4%;\" data-animationType=\"fadeInUp\" data-animationDuration=\"0.9\" data-animationOffset=\"top-into-view\"><div class=\"fusion-column-wrapper fusion-column-has-shadow fusion-flex-column-wrapper-legacy\"><div class=\"fusion-title title fusion-title-1 fusion-sep-none fusion-title-text fusion-title-size-four\" style=\"--awb-margin-bottom:10px;--awb-margin-right-small:0px;--awb-margin-bottom-small:10px;--awb-margin-left-small:0px;\"><h4 class=\"fusion-title-heading title-heading-left fusion-responsive-typography-calculated\" style=\"margin:0;--fontSize:15;--minFontSize:15;line-height:1.5;\">Own brands<\/h4><\/div><div class=\"fusion-title title fusion-title-2 fusion-sep-none fusion-title-text fusion-title-size-two\" style=\"--awb-margin-top-small:0px;--awb-margin-right-small:0px;--awb-margin-bottom-small:20px;--awb-margin-left-small:0px;\"><h2 class=\"fusion-title-heading title-heading-left fusion-responsive-typography-calculated\" style=\"margin:0;--fontSize:40;line-height:1.5;\">Your own product line<\/h2><\/div><div class=\"fusion-text fusion-text-1\"><span class=\"fusion-dropcap dropcap dropcap-boxed\" style=\"--awb-border-radius:0%;\">Y<\/span>\n<p style=\"font-size: 21px;\">ou would like to offer your customers an attractive and more economical alternative in addition to the usual branded products?<\/p>\n<\/div><div class=\"fusion-text fusion-text-2\"><p>Then we are exactly the right partner for you: Our \u201cConcept Paint\u201d approach enables you to build up your own private label and your individual range. We offer you everything that is required for this.<\/p>\n<\/div><div class=\"fusion-clearfix\"><\/div><\/div><\/div><div class=\"fusion-layout-column fusion_builder_column fusion-builder-column-1 fusion_builder_column_3_5 3_5 fusion-three-fifth fusion-column-last fusion-animated\" style=\"--awb-padding-top:30px;--awb-bg-size:cover;width:60%;width:calc(60% - ( ( 4% ) * 0.6 ) );\" data-animationType=\"fadeInRight\" data-animationDuration=\"0.9\" data-animationOffset=\"top-into-view\"><div class=\"fusion-column-wrapper fusion-column-has-shadow fusion-flex-column-wrapper-legacy\"><div class=\"fusion-image-element fusion-image-align-right in-legacy-container\" style=\"text-align:right;--awb-caption-title-font-family:var(--h2_typography-font-family);--awb-caption-title-font-weight:var(--h2_typography-font-weight);--awb-caption-title-font-style:var(--h2_typography-font-style);--awb-caption-title-size:var(--h2_typography-font-size);--awb-caption-title-transform:var(--h2_typography-text-transform);--awb-caption-title-line-height:var(--h2_typography-line-height);--awb-caption-title-letter-spacing:var(--h2_typography-letter-spacing);\"><span class=\" fusion-imageframe imageframe-none imageframe-1 hover-type-none\" style=\"margin-left:25px;float:right;\"><img decoding=\"async\" width=\"1200\" height=\"855\" alt=\"Photo of a spray gun\" title=\"Own brands\" src=\"https:\/\/ditoma.de\/wp-content\/uploads\/2020\/05\/lackdosen_ohne_label.jpg\" class=\"img-responsive wp-image-1194\" srcset=\"https:\/\/ditoma.de\/wp-content\/uploads\/2020\/05\/lackdosen_ohne_label-200x143.jpg 200w, https:\/\/ditoma.de\/wp-content\/uploads\/2020\/05\/lackdosen_ohne_label-400x285.jpg 400w, https:\/\/ditoma.de\/wp-content\/uploads\/2020\/05\/lackdosen_ohne_label-600x428.jpg 600w, https:\/\/ditoma.de\/wp-content\/uploads\/2020\/05\/lackdosen_ohne_label-800x570.jpg 800w, https:\/\/ditoma.de\/wp-content\/uploads\/2020\/05\/lackdosen_ohne_label.jpg 1200w\" sizes=\"(max-width: 800px) 100vw, 800px\" \/><\/span><\/div><div class=\"fusion-sep-clear\"><\/div><div class=\"fusion-separator fusion-full-width-sep\" style=\"margin-left: auto;margin-right: auto;margin-bottom:10px;width:100%;\"><\/div><div class=\"fusion-sep-clear\"><\/div><div class=\"fusion-clearfix\"><\/div><\/div><\/div><\/div><\/div><div class=\"fusion-fullwidth fullwidth-box fusion-builder-row-2 nonhundred-percent-fullwidth non-hundred-percent-height-scrolling\" style=\"--awb-border-radius-top-left:0px;--awb-border-radius-top-right:0px;--awb-border-radius-bottom-right:0px;--awb-border-radius-bottom-left:0px;--awb-padding-right:3%;--awb-padding-bottom:10%;--awb-flex-wrap:wrap;\" ><div class=\"fusion-builder-row fusion-row\"><div class=\"fusion-layout-column fusion_builder_column fusion-builder-column-2 fusion_builder_column_3_5 3_5 fusion-three-fifth fusion-column-first fusion-animated\" style=\"--awb-bg-size:cover;width:60%;width:calc(60% - ( ( 8% ) * 0.6 ) );margin-right: 8%;\" data-animationType=\"fadeInLeft\" data-animationDuration=\"0.9\" data-animationOffset=\"top-into-view\"><div class=\"fusion-column-wrapper fusion-column-has-shadow fusion-flex-column-wrapper-legacy\"><div class=\"fusion-image-carousel fusion-image-carousel-auto fusion-image-carousel-1\"><div class=\"awb-carousel awb-swiper awb-swiper-carousel awb-carousel--carousel awb-swiper-dots-position-bottom\" data-layout=\"carousel\" data-autoplay=\"yes\" data-autoplayspeed=\"2500\" data-autoplaypause=\"no\" data-columns=\"1\" data-columnsmedium=\"1\" data-columnssmall=\"1\" data-itemmargin=\"0\" data-itemwidth=\"180\" data-touchscroll=\"no\" data-freemode=\"no\" data-imagesize=\"auto\" data-scrollitems=\"1\" data-centeredslides=\"no\" data-rotationangle=\"50\" data-depth=\"100\" data-speed=\"500\" data-shadow=\"no\" data-pagination=\"bullets\" style=\"--awb-columns:1;--awb-column-spacing:0px;\"><div class=\"swiper-wrapper awb-image-carousel-wrapper fusion-flex-align-items-center\"><div class=\"swiper-slide\"><div class=\"fusion-carousel-item-wrapper\"><div class=\"fusion-image-wrapper hover-type-zoomin\"><img decoding=\"async\" width=\"1920\" height=\"1281\" src=\"https:\/\/ditoma.de\/wp-content\/uploads\/2020\/05\/autolackierer.jpg\" class=\"attachment-full size-full\" alt=\"\" srcset=\"https:\/\/ditoma.de\/wp-content\/uploads\/2020\/05\/autolackierer-200x133.jpg 200w, https:\/\/ditoma.de\/wp-content\/uploads\/2020\/05\/autolackierer-300x200.jpg 300w, https:\/\/ditoma.de\/wp-content\/uploads\/2020\/05\/autolackierer-400x267.jpg 400w, https:\/\/ditoma.de\/wp-content\/uploads\/2020\/05\/autolackierer-600x400.jpg 600w, https:\/\/ditoma.de\/wp-content\/uploads\/2020\/05\/autolackierer-768x512.jpg 768w, https:\/\/ditoma.de\/wp-content\/uploads\/2020\/05\/autolackierer-800x534.jpg 800w, https:\/\/ditoma.de\/wp-content\/uploads\/2020\/05\/autolackierer-1024x683.jpg 1024w, https:\/\/ditoma.de\/wp-content\/uploads\/2020\/05\/autolackierer-1200x801.jpg 1200w, https:\/\/ditoma.de\/wp-content\/uploads\/2020\/05\/autolackierer-1536x1025.jpg 1536w, https:\/\/ditoma.de\/wp-content\/uploads\/2020\/05\/autolackierer.jpg 1920w\" sizes=\"(max-width: 1920px) 100vw, 1920px\" \/><\/div><\/div><\/div><\/div><\/div><\/div><div class=\"fusion-clearfix\"><\/div><\/div><\/div><div class=\"fusion-layout-column fusion_builder_column fusion-builder-column-3 fusion_builder_column_2_5 2_5 fusion-two-fifth fusion-column-last fusion-animated\" style=\"--awb-padding-top:10%;--awb-bg-size:cover;width:40%;width:calc(40% - ( ( 8% ) * 0.4 ) );\" data-animationType=\"fadeInUp\" data-animationDuration=\"0.9\" data-animationOffset=\"top-into-view\"><div class=\"fusion-column-wrapper fusion-column-has-shadow fusion-flex-column-wrapper-legacy\"><div class=\"fusion-title title fusion-title-3 fusion-sep-none fusion-title-text fusion-title-size-four\" style=\"--awb-margin-bottom:10px;--awb-margin-right-small:0px;--awb-margin-bottom-small:10px;--awb-margin-left-small:0px;\"><h4 class=\"fusion-title-heading title-heading-left fusion-responsive-typography-calculated\" style=\"margin:0;--fontSize:15;--minFontSize:15;line-height:1.5;\">Years of experience<\/h4><\/div><div class=\"fusion-title title fusion-title-4 fusion-sep-none fusion-title-text fusion-title-size-two\" style=\"--awb-margin-top-small:0px;--awb-margin-right-small:0px;--awb-margin-bottom-small:20px;--awb-margin-left-small:0px;\"><h2 class=\"fusion-title-heading title-heading-left fusion-responsive-typography-calculated\" style=\"margin:0;--fontSize:40;line-height:1.5;\">Well advised<\/h2><\/div><div class=\"fusion-text fusion-text-3\"><p>From advice and product range design (e.g. clear coats, hardeners, fillers, but also accessories such as abrasives and polishing agents) to labels in your own design and matching data sheets to the complete catalog of your own brand program: We take care of everything so that you get an all inclusive package and can start right away without worrying of every little detail.<\/p>\n<p>And of course: We offer modern products from experienced manufacturers of the highest quality! Contact us, we will be happy to inform you about all your possibilities.<\/p>\n<\/div><div class=\"fusion-clearfix\"><\/div><\/div><\/div><\/div><\/div><\/p>\n","protected":false},"excerpt":{"rendered":"","protected":false},"author":1,"featured_media":1194,"parent":1026,"menu_order":1,"comment_status":"closed","ping_status":"closed","template":"100-width.php","meta":{"footnotes":""},"class_list":["post-1030","page","type-page","status-publish","has-post-thumbnail","hentry"],"yoast_head":"<!-- This site is optimized with the Yoast SEO plugin v27.3 - https:\/\/yoast.com\/product\/yoast-seo-wordpress\/ -->\n<title>Own brands - DITOMA GmbH - Gro\u00dfhandel f\u00fcr Autolacke, Lackierzubeh\u00f6r &amp; Bootsbedarf<\/title>\n<meta name=\"description\" content=\"You would like to offer your customers an attractive and more economical alternative in addition to the usual branded products?\" \/>\n<meta name=\"robots\" content=\"index, follow, max-snippet:-1, max-image-preview:large, max-video-preview:-1\" \/>\n<link rel=\"canonical\" href=\"https:\/\/ditoma.de\/en\/paint-trade-and-equipment\/own-brands\/\" \/>\n<meta property=\"og:locale\" content=\"en_US\" \/>\n<meta property=\"og:type\" content=\"article\" \/>\n<meta property=\"og:title\" content=\"Own brands - DITOMA GmbH - Gro\u00dfhandel f\u00fcr Autolacke, Lackierzubeh\u00f6r &amp; Bootsbedarf\" \/>\n<meta property=\"og:description\" content=\"You would like to offer your customers an attractive and more economical alternative in addition to the usual branded products?\" \/>\n<meta property=\"og:url\" content=\"https:\/\/ditoma.de\/en\/paint-trade-and-equipment\/own-brands\/\" \/>\n<meta property=\"og:site_name\" content=\"DITOMA GmbH - Gro\u00dfhandel f\u00fcr Autolacke, Lackierzubeh\u00f6r &amp; Bootsbedarf\" \/>\n<meta property=\"article:modified_time\" content=\"2020-06-27T14:08:29+00:00\" \/>\n<meta property=\"og:image\" content=\"https:\/\/ditoma.de\/wp-content\/uploads\/2020\/05\/lackdosen_ohne_label.jpg\" \/>\n\t<meta property=\"og:image:width\" content=\"1200\" \/>\n\t<meta property=\"og:image:height\" content=\"855\" \/>\n\t<meta property=\"og:image:type\" content=\"image\/jpeg\" \/>\n<meta name=\"twitter:card\" content=\"summary_large_image\" \/>\n<meta name=\"twitter:label1\" content=\"Est. reading time\" \/>\n\t<meta name=\"twitter:data1\" content=\"9 minutes\" \/>\n<script type=\"application\/ld+json\" class=\"yoast-schema-graph\">{\"@context\":\"https:\\\/\\\/schema.org\",\"@graph\":[{\"@type\":\"WebPage\",\"@id\":\"https:\\\/\\\/ditoma.de\\\/en\\\/paint-trade-and-equipment\\\/own-brands\\\/\",\"url\":\"https:\\\/\\\/ditoma.de\\\/en\\\/paint-trade-and-equipment\\\/own-brands\\\/\",\"name\":\"Own brands - DITOMA GmbH - Gro\u00dfhandel f\u00fcr Autolacke, Lackierzubeh\u00f6r &amp; Bootsbedarf\",\"isPartOf\":{\"@id\":\"https:\\\/\\\/ditoma.de\\\/en\\\/#website\"},\"primaryImageOfPage\":{\"@id\":\"https:\\\/\\\/ditoma.de\\\/en\\\/paint-trade-and-equipment\\\/own-brands\\\/#primaryimage\"},\"image\":{\"@id\":\"https:\\\/\\\/ditoma.de\\\/en\\\/paint-trade-and-equipment\\\/own-brands\\\/#primaryimage\"},\"thumbnailUrl\":\"https:\\\/\\\/ditoma.de\\\/wp-content\\\/uploads\\\/2020\\\/05\\\/lackdosen_ohne_label.jpg\",\"datePublished\":\"2020-06-11T15:13:49+00:00\",\"dateModified\":\"2020-06-27T14:08:29+00:00\",\"description\":\"You would like to offer your customers an attractive and more economical alternative in addition to the usual branded products?\",\"breadcrumb\":{\"@id\":\"https:\\\/\\\/ditoma.de\\\/en\\\/paint-trade-and-equipment\\\/own-brands\\\/#breadcrumb\"},\"inLanguage\":\"en-US\",\"potentialAction\":[{\"@type\":\"ReadAction\",\"target\":[\"https:\\\/\\\/ditoma.de\\\/en\\\/paint-trade-and-equipment\\\/own-brands\\\/\"]}]},{\"@type\":\"ImageObject\",\"inLanguage\":\"en-US\",\"@id\":\"https:\\\/\\\/ditoma.de\\\/en\\\/paint-trade-and-equipment\\\/own-brands\\\/#primaryimage\",\"url\":\"https:\\\/\\\/ditoma.de\\\/wp-content\\\/uploads\\\/2020\\\/05\\\/lackdosen_ohne_label.jpg\",\"contentUrl\":\"https:\\\/\\\/ditoma.de\\\/wp-content\\\/uploads\\\/2020\\\/05\\\/lackdosen_ohne_label.jpg\",\"width\":1200,\"height\":855,\"caption\":\"Own brands\"},{\"@type\":\"BreadcrumbList\",\"@id\":\"https:\\\/\\\/ditoma.de\\\/en\\\/paint-trade-and-equipment\\\/own-brands\\\/#breadcrumb\",\"itemListElement\":[{\"@type\":\"ListItem\",\"position\":1,\"name\":\"Startseite\",\"item\":\"https:\\\/\\\/ditoma.de\\\/en\\\/home\\\/\"},{\"@type\":\"ListItem\",\"position\":2,\"name\":\"Paint trade and equipment\",\"item\":\"https:\\\/\\\/ditoma.de\\\/en\\\/lackhandel-und-zubehoer\\\/\"},{\"@type\":\"ListItem\",\"position\":3,\"name\":\"Own brands\"}]},{\"@type\":\"WebSite\",\"@id\":\"https:\\\/\\\/ditoma.de\\\/en\\\/#website\",\"url\":\"https:\\\/\\\/ditoma.de\\\/en\\\/\",\"name\":\"DITOMA GmbH - Gro\u00dfhandel f\u00fcr Autolacke, Lackierzubeh\u00f6r &amp; Bootsbedarf\",\"description\":\"\",\"publisher\":{\"@id\":\"https:\\\/\\\/ditoma.de\\\/en\\\/#organization\"},\"potentialAction\":[{\"@type\":\"SearchAction\",\"target\":{\"@type\":\"EntryPoint\",\"urlTemplate\":\"https:\\\/\\\/ditoma.de\\\/en\\\/?s={search_term_string}\"},\"query-input\":{\"@type\":\"PropertyValueSpecification\",\"valueRequired\":true,\"valueName\":\"search_term_string\"}}],\"inLanguage\":\"en-US\"},{\"@type\":\"Organization\",\"@id\":\"https:\\\/\\\/ditoma.de\\\/en\\\/#organization\",\"name\":\"DITOMA GmbH - Gro\u00dfhandel f\u00fcr Autolacke, Lackierzubeh\u00f6r &amp; Bootsbedarf\",\"url\":\"https:\\\/\\\/ditoma.de\\\/en\\\/\",\"logo\":{\"@type\":\"ImageObject\",\"inLanguage\":\"en-US\",\"@id\":\"https:\\\/\\\/ditoma.de\\\/en\\\/#\\\/schema\\\/logo\\\/image\\\/\",\"url\":\"https:\\\/\\\/ditoma.de\\\/wp-content\\\/uploads\\\/2020\\\/06\\\/ditoma-logo-500x143-1.png\",\"contentUrl\":\"https:\\\/\\\/ditoma.de\\\/wp-content\\\/uploads\\\/2020\\\/06\\\/ditoma-logo-500x143-1.png\",\"width\":500,\"height\":143,\"caption\":\"DITOMA GmbH - Gro\u00dfhandel f\u00fcr Autolacke, Lackierzubeh\u00f6r &amp; Bootsbedarf\"},\"image\":{\"@id\":\"https:\\\/\\\/ditoma.de\\\/en\\\/#\\\/schema\\\/logo\\\/image\\\/\"},\"sameAs\":[\"https:\\\/\\\/de.linkedin.com\\\/company\\\/ditoma-gmbh\"]}]}<\/script>\n<!-- \/ Yoast SEO plugin. -->","yoast_head_json":{"title":"Own brands - DITOMA GmbH - Gro\u00dfhandel f\u00fcr Autolacke, Lackierzubeh\u00f6r &amp; Bootsbedarf","description":"You would like to offer your customers an attractive and more economical alternative in addition to the usual branded products?","robots":{"index":"index","follow":"follow","max-snippet":"max-snippet:-1","max-image-preview":"max-image-preview:large","max-video-preview":"max-video-preview:-1"},"canonical":"https:\/\/ditoma.de\/en\/paint-trade-and-equipment\/own-brands\/","og_locale":"en_US","og_type":"article","og_title":"Own brands - DITOMA GmbH - Gro\u00dfhandel f\u00fcr Autolacke, Lackierzubeh\u00f6r &amp; Bootsbedarf","og_description":"You would like to offer your customers an attractive and more economical alternative in addition to the usual branded products?","og_url":"https:\/\/ditoma.de\/en\/paint-trade-and-equipment\/own-brands\/","og_site_name":"DITOMA GmbH - Gro\u00dfhandel f\u00fcr Autolacke, Lackierzubeh\u00f6r &amp; Bootsbedarf","article_modified_time":"2020-06-27T14:08:29+00:00","og_image":[{"width":1200,"height":855,"url":"https:\/\/ditoma.de\/wp-content\/uploads\/2020\/05\/lackdosen_ohne_label.jpg","type":"image\/jpeg"}],"twitter_card":"summary_large_image","twitter_misc":{"Est. reading time":"9 minutes"},"schema":{"@context":"https:\/\/schema.org","@graph":[{"@type":"WebPage","@id":"https:\/\/ditoma.de\/en\/paint-trade-and-equipment\/own-brands\/","url":"https:\/\/ditoma.de\/en\/paint-trade-and-equipment\/own-brands\/","name":"Own brands - DITOMA GmbH - Gro\u00dfhandel f\u00fcr Autolacke, Lackierzubeh\u00f6r &amp; Bootsbedarf","isPartOf":{"@id":"https:\/\/ditoma.de\/en\/#website"},"primaryImageOfPage":{"@id":"https:\/\/ditoma.de\/en\/paint-trade-and-equipment\/own-brands\/#primaryimage"},"image":{"@id":"https:\/\/ditoma.de\/en\/paint-trade-and-equipment\/own-brands\/#primaryimage"},"thumbnailUrl":"https:\/\/ditoma.de\/wp-content\/uploads\/2020\/05\/lackdosen_ohne_label.jpg","datePublished":"2020-06-11T15:13:49+00:00","dateModified":"2020-06-27T14:08:29+00:00","description":"You would like to offer your customers an attractive and more economical alternative in addition to the usual branded products?","breadcrumb":{"@id":"https:\/\/ditoma.de\/en\/paint-trade-and-equipment\/own-brands\/#breadcrumb"},"inLanguage":"en-US","potentialAction":[{"@type":"ReadAction","target":["https:\/\/ditoma.de\/en\/paint-trade-and-equipment\/own-brands\/"]}]},{"@type":"ImageObject","inLanguage":"en-US","@id":"https:\/\/ditoma.de\/en\/paint-trade-and-equipment\/own-brands\/#primaryimage","url":"https:\/\/ditoma.de\/wp-content\/uploads\/2020\/05\/lackdosen_ohne_label.jpg","contentUrl":"https:\/\/ditoma.de\/wp-content\/uploads\/2020\/05\/lackdosen_ohne_label.jpg","width":1200,"height":855,"caption":"Own brands"},{"@type":"BreadcrumbList","@id":"https:\/\/ditoma.de\/en\/paint-trade-and-equipment\/own-brands\/#breadcrumb","itemListElement":[{"@type":"ListItem","position":1,"name":"Startseite","item":"https:\/\/ditoma.de\/en\/home\/"},{"@type":"ListItem","position":2,"name":"Paint trade and equipment","item":"https:\/\/ditoma.de\/en\/lackhandel-und-zubehoer\/"},{"@type":"ListItem","position":3,"name":"Own brands"}]},{"@type":"WebSite","@id":"https:\/\/ditoma.de\/en\/#website","url":"https:\/\/ditoma.de\/en\/","name":"DITOMA GmbH - Gro\u00dfhandel f\u00fcr Autolacke, Lackierzubeh\u00f6r &amp; Bootsbedarf","description":"","publisher":{"@id":"https:\/\/ditoma.de\/en\/#organization"},"potentialAction":[{"@type":"SearchAction","target":{"@type":"EntryPoint","urlTemplate":"https:\/\/ditoma.de\/en\/?s={search_term_string}"},"query-input":{"@type":"PropertyValueSpecification","valueRequired":true,"valueName":"search_term_string"}}],"inLanguage":"en-US"},{"@type":"Organization","@id":"https:\/\/ditoma.de\/en\/#organization","name":"DITOMA GmbH - Gro\u00dfhandel f\u00fcr Autolacke, Lackierzubeh\u00f6r &amp; Bootsbedarf","url":"https:\/\/ditoma.de\/en\/","logo":{"@type":"ImageObject","inLanguage":"en-US","@id":"https:\/\/ditoma.de\/en\/#\/schema\/logo\/image\/","url":"https:\/\/ditoma.de\/wp-content\/uploads\/2020\/06\/ditoma-logo-500x143-1.png","contentUrl":"https:\/\/ditoma.de\/wp-content\/uploads\/2020\/06\/ditoma-logo-500x143-1.png","width":500,"height":143,"caption":"DITOMA GmbH - Gro\u00dfhandel f\u00fcr Autolacke, Lackierzubeh\u00f6r &amp; Bootsbedarf"},"image":{"@id":"https:\/\/ditoma.de\/en\/#\/schema\/logo\/image\/"},"sameAs":["https:\/\/de.linkedin.com\/company\/ditoma-gmbh"]}]}},"_links":{"self":[{"href":"https:\/\/ditoma.de\/en\/wp-json\/wp\/v2\/pages\/1030","targetHints":{"allow":["GET"]}}],"collection":[{"href":"https:\/\/ditoma.de\/en\/wp-json\/wp\/v2\/pages"}],"about":[{"href":"https:\/\/ditoma.de\/en\/wp-json\/wp\/v2\/types\/page"}],"author":[{"embeddable":true,"href":"https:\/\/ditoma.de\/en\/wp-json\/wp\/v2\/users\/1"}],"replies":[{"embeddable":true,"href":"https:\/\/ditoma.de\/en\/wp-json\/wp\/v2\/comments?post=1030"}],"version-history":[{"count":5,"href":"https:\/\/ditoma.de\/en\/wp-json\/wp\/v2\/pages\/1030\/revisions"}],"predecessor-version":[{"id":1248,"href":"https:\/\/ditoma.de\/en\/wp-json\/wp\/v2\/pages\/1030\/revisions\/1248"}],"up":[{"embeddable":true,"href":"https:\/\/ditoma.de\/en\/wp-json\/wp\/v2\/pages\/1026"}],"wp:featuredmedia":[{"embeddable":true,"href":"https:\/\/ditoma.de\/en\/wp-json\/wp\/v2\/media\/1194"}],"wp:attachment":[{"href":"https:\/\/ditoma.de\/en\/wp-json\/wp\/v2\/media?parent=1030"}],"curies":[{"name":"wp","href":"https:\/\/api.w.org\/{rel}","templated":true}]}}