{"id":1045,"date":"2020-06-13T23:52:47","date_gmt":"2020-06-13T21:52:47","guid":{"rendered":"https:\/\/ditoma.de\/paint-trade-and-equipment\/smartcupps-smartguns\/"},"modified":"2020-06-26T22:59:01","modified_gmt":"2020-06-26T20:59:01","slug":"smartcupps-smartguns","status":"publish","type":"page","link":"https:\/\/ditoma.de\/en\/paint-trade-and-equipment\/smartcupps-smartguns\/","title":{"rendered":"smartCUPPS &#038; smartGUNS"},"content":{"rendered":"<p><div class=\"fusion-fullwidth fullwidth-box fusion-builder-row-1 nonhundred-percent-fullwidth non-hundred-percent-height-scrolling\" style=\"--awb-border-radius-top-left:0px;--awb-border-radius-top-right:0px;--awb-border-radius-bottom-right:0px;--awb-border-radius-bottom-left:0px;--awb-padding-top:10%;--awb-padding-bottom:10%;--awb-padding-left:3%;--awb-flex-wrap:wrap;\" ><div class=\"fusion-builder-row fusion-row\"><div class=\"fusion-layout-column fusion_builder_column fusion-builder-column-0 fusion_builder_column_2_5 2_5 fusion-two-fifth fusion-column-first fusion-animated\" style=\"--awb-padding-top:10%;--awb-padding-left:8%;--awb-bg-size:cover;width:40%;width:calc(40% - ( ( 4% ) * 0.4 ) );margin-right: 4%;\" data-animationType=\"fadeInUp\" data-animationDuration=\"0.9\" data-animationOffset=\"top-into-view\"><div class=\"fusion-column-wrapper fusion-column-has-shadow fusion-flex-column-wrapper-legacy\"><div class=\"fusion-title title fusion-title-1 fusion-sep-none fusion-title-text fusion-title-size-four\" style=\"--awb-margin-bottom:10px;--awb-margin-right-small:0px;--awb-margin-bottom-small:10px;--awb-margin-left-small:0px;\"><h4 class=\"fusion-title-heading title-heading-left fusion-responsive-typography-calculated\" style=\"margin:0;--fontSize:15;--minFontSize:15;line-height:1.5;\">The simple cup system for mixing, painting and storing<\/h4><\/div><div class=\"fusion-title title fusion-title-2 fusion-sep-none fusion-title-text fusion-title-size-two\" style=\"--awb-margin-top-small:0px;--awb-margin-right-small:0px;--awb-margin-bottom-small:20px;--awb-margin-left-small:0px;\"><h2 class=\"fusion-title-heading title-heading-left fusion-responsive-typography-calculated\" style=\"margin:0;--fontSize:40;line-height:1.5;\"><span style=\"color: #f07f00;\">s<span style=\"color: #f07f00;\">mar<\/span>t<\/span><span style=\"color: #494c4e;\">CUPP<span style=\"color: #494c4e;\">S<\/span><\/span> <span style=\"color: #f07f00;\"><i>hard<\/i><\/span><\/h2><\/div><div class=\"fusion-text fusion-text-1\"><p>The practical combination of a stable cup with multifunctional scaling and a precisely fitting lid in all standard sizes offers efficient working.<\/p>\n<p>With our optional adapters, the cups fit perfectly on all common paint spray guns.<\/p>\n<\/div><div class=\"fusion-clearfix\"><\/div><\/div><\/div><div class=\"fusion-layout-column fusion_builder_column fusion-builder-column-1 fusion_builder_column_3_5 3_5 fusion-three-fifth fusion-column-last fusion-animated\" style=\"--awb-padding-top:30px;--awb-bg-size:cover;width:60%;width:calc(60% - ( ( 4% ) * 0.6 ) );\" data-animationType=\"fadeInRight\" data-animationDuration=\"1.0\" data-animationOffset=\"top-into-view\"><div class=\"fusion-column-wrapper fusion-column-has-shadow fusion-flex-column-wrapper-legacy\"><div class=\"fusion-image-element fusion-image-align-right in-legacy-container\" style=\"text-align:right;--awb-caption-title-font-family:var(--h2_typography-font-family);--awb-caption-title-font-weight:var(--h2_typography-font-weight);--awb-caption-title-font-style:var(--h2_typography-font-style);--awb-caption-title-size:var(--h2_typography-font-size);--awb-caption-title-transform:var(--h2_typography-text-transform);--awb-caption-title-line-height:var(--h2_typography-line-height);--awb-caption-title-letter-spacing:var(--h2_typography-letter-spacing);\"><span class=\" fusion-imageframe imageframe-none imageframe-1 hover-type-none\" style=\"margin-left:25px;float:right;\"><img decoding=\"async\" width=\"1280\" height=\"800\" alt=\"Photo of a spray gun\" src=\"https:\/\/ditoma.de\/wp-content\/uploads\/2020\/05\/smartcupps_hard_product_web.jpg\" class=\"img-responsive wp-image-902\" srcset=\"https:\/\/ditoma.de\/wp-content\/uploads\/2020\/05\/smartcupps_hard_product_web-200x125.jpg 200w, https:\/\/ditoma.de\/wp-content\/uploads\/2020\/05\/smartcupps_hard_product_web-400x250.jpg 400w, https:\/\/ditoma.de\/wp-content\/uploads\/2020\/05\/smartcupps_hard_product_web-600x375.jpg 600w, https:\/\/ditoma.de\/wp-content\/uploads\/2020\/05\/smartcupps_hard_product_web-800x500.jpg 800w, https:\/\/ditoma.de\/wp-content\/uploads\/2020\/05\/smartcupps_hard_product_web-1200x750.jpg 1200w, https:\/\/ditoma.de\/wp-content\/uploads\/2020\/05\/smartcupps_hard_product_web.jpg 1280w\" sizes=\"(max-width: 800px) 100vw, 800px\" \/><\/span><\/div><div class=\"fusion-clearfix\"><\/div><\/div><\/div><\/div><\/div><div class=\"fusion-fullwidth fullwidth-box fusion-builder-row-2 nonhundred-percent-fullwidth non-hundred-percent-height-scrolling\" style=\"--awb-border-radius-top-left:0px;--awb-border-radius-top-right:0px;--awb-border-radius-bottom-right:0px;--awb-border-radius-bottom-left:0px;--awb-padding-right:3%;--awb-flex-wrap:wrap;\" ><div class=\"fusion-builder-row fusion-row\"><div class=\"fusion-layout-column fusion_builder_column fusion-builder-column-2 fusion_builder_column_3_5 3_5 fusion-three-fifth fusion-column-first fusion-animated\" style=\"--awb-bg-size:cover;width:60%;width:calc(60% - ( ( 8% ) * 0.6 ) );margin-right: 8%;\" data-animationType=\"fadeInLeft\" data-animationDuration=\"1.0\" data-animationOffset=\"top-into-view\"><div class=\"fusion-column-wrapper fusion-column-has-shadow fusion-flex-column-wrapper-legacy\"><div class=\"fusion-image-carousel fusion-image-carousel-auto fusion-image-carousel-1\"><div class=\"awb-carousel awb-swiper awb-swiper-carousel awb-carousel--carousel awb-swiper-dots-position-bottom\" data-layout=\"carousel\" data-autoplay=\"yes\" data-autoplayspeed=\"2500\" data-autoplaypause=\"no\" data-columns=\"1\" data-columnsmedium=\"1\" data-columnssmall=\"1\" data-itemmargin=\"0\" data-itemwidth=\"180\" data-touchscroll=\"no\" data-freemode=\"no\" data-imagesize=\"auto\" data-scrollitems=\"1\" data-centeredslides=\"no\" data-rotationangle=\"50\" data-depth=\"100\" data-speed=\"500\" data-shadow=\"no\" data-pagination=\"bullets\" style=\"--awb-columns:1;--awb-column-spacing:0px;\"><div class=\"swiper-wrapper awb-image-carousel-wrapper fusion-flex-align-items-center\"><div class=\"swiper-slide\"><div class=\"fusion-carousel-item-wrapper\"><div class=\"fusion-image-wrapper hover-type-none\"><img decoding=\"async\" width=\"1280\" height=\"800\" src=\"https:\/\/ditoma.de\/wp-content\/uploads\/2020\/05\/smartcupps_soft_product_web.jpg\" class=\"attachment-full size-full\" alt=\"\" srcset=\"https:\/\/ditoma.de\/wp-content\/uploads\/2020\/05\/smartcupps_soft_product_web-200x125.jpg 200w, https:\/\/ditoma.de\/wp-content\/uploads\/2020\/05\/smartcupps_soft_product_web-300x188.jpg 300w, https:\/\/ditoma.de\/wp-content\/uploads\/2020\/05\/smartcupps_soft_product_web-400x250.jpg 400w, https:\/\/ditoma.de\/wp-content\/uploads\/2020\/05\/smartcupps_soft_product_web-600x375.jpg 600w, https:\/\/ditoma.de\/wp-content\/uploads\/2020\/05\/smartcupps_soft_product_web-768x480.jpg 768w, https:\/\/ditoma.de\/wp-content\/uploads\/2020\/05\/smartcupps_soft_product_web-800x500.jpg 800w, https:\/\/ditoma.de\/wp-content\/uploads\/2020\/05\/smartcupps_soft_product_web-1024x640.jpg 1024w, https:\/\/ditoma.de\/wp-content\/uploads\/2020\/05\/smartcupps_soft_product_web-1200x750.jpg 1200w, https:\/\/ditoma.de\/wp-content\/uploads\/2020\/05\/smartcupps_soft_product_web.jpg 1280w\" sizes=\"(max-width: 1280px) 100vw, 1280px\" \/><\/div><\/div><\/div><\/div><\/div><\/div><div class=\"fusion-clearfix\"><\/div><\/div><\/div><div class=\"fusion-layout-column fusion_builder_column fusion-builder-column-3 fusion_builder_column_2_5 2_5 fusion-two-fifth fusion-column-last fusion-animated\" style=\"--awb-padding-top:10%;--awb-bg-size:cover;width:40%;width:calc(40% - ( ( 8% ) * 0.4 ) );\" data-animationType=\"fadeInUp\" data-animationDuration=\"0.9\" data-animationOffset=\"top-into-view\"><div class=\"fusion-column-wrapper fusion-column-has-shadow fusion-flex-column-wrapper-legacy\"><div class=\"fusion-title title fusion-title-3 fusion-sep-none fusion-title-text fusion-title-size-four\" style=\"--awb-margin-bottom:10px;--awb-margin-right-small:0px;--awb-margin-bottom-small:10px;--awb-margin-left-small:0px;\"><h4 class=\"fusion-title-heading title-heading-left fusion-responsive-typography-calculated\" style=\"margin:0;--fontSize:15;--minFontSize:15;line-height:1.5;\">Our proven cup system now also with flexible inner cup<\/h4><\/div><div class=\"fusion-title title fusion-title-4 fusion-sep-none fusion-title-text fusion-title-size-two\" style=\"--awb-margin-top-small:0px;--awb-margin-right-small:0px;--awb-margin-bottom-small:20px;--awb-margin-left-small:0px;\"><h2 class=\"fusion-title-heading title-heading-left fusion-responsive-typography-calculated\" style=\"margin:0;--fontSize:40;line-height:1.5;\"><span style=\"color: #f07f00;\">smart<\/span><span style=\"color: #494c4e;\">CUPPS<\/span> <i><span style=\"color: #f07f00;\">soft<\/span><br \/>\n<\/i><\/h2><\/div><div class=\"fusion-text fusion-text-2\"><p>The practical combination of a stable outer cup with multifunctional scaling and a soft inner cup is our intelligent solution for a cup-in-cup principle that has been established on the market for years. Also optionally available with adapter for all common paint spray guns.<\/p>\n<\/div><div class=\"fusion-clearfix\"><\/div><\/div><\/div><\/div><\/div><div class=\"fusion-fullwidth fullwidth-box fusion-builder-row-3 nonhundred-percent-fullwidth non-hundred-percent-height-scrolling\" style=\"--awb-border-radius-top-left:0px;--awb-border-radius-top-right:0px;--awb-border-radius-bottom-right:0px;--awb-border-radius-bottom-left:0px;--awb-padding-top:10%;--awb-padding-bottom:10%;--awb-padding-left:3%;--awb-flex-wrap:wrap;\" ><div class=\"fusion-builder-row fusion-row\"><div class=\"fusion-layout-column fusion_builder_column fusion-builder-column-4 fusion_builder_column_2_5 2_5 fusion-two-fifth fusion-column-first fusion-animated\" style=\"--awb-padding-top:10%;--awb-padding-left:8%;--awb-bg-size:cover;width:40%;width:calc(40% - ( ( 0% ) * 0.4 ) );margin-right: 0%;\" data-animationType=\"fadeInUp\" data-animationDuration=\"0.9\" data-animationOffset=\"top-into-view\"><div class=\"fusion-column-wrapper fusion-column-has-shadow fusion-flex-column-wrapper-legacy\"><div class=\"fusion-title title fusion-title-5 fusion-sep-none fusion-title-text fusion-title-size-four\" style=\"--awb-margin-bottom:10px;--awb-margin-right-small:0px;--awb-margin-bottom-small:10px;--awb-margin-left-small:0px;\"><h4 class=\"fusion-title-heading title-heading-left fusion-responsive-typography-calculated\" style=\"margin:0;--fontSize:15;--minFontSize:15;line-height:1.5;\">Our new paint spray guns in three versions<\/h4><\/div><div class=\"fusion-title title fusion-title-6 fusion-sep-none fusion-title-text fusion-title-size-two\" style=\"--awb-margin-top-small:0px;--awb-margin-right-small:0px;--awb-margin-bottom-small:20px;--awb-margin-left-small:0px;\"><h2 class=\"fusion-title-heading title-heading-left fusion-responsive-typography-calculated\" style=\"margin:0;--fontSize:40;line-height:1.5;\"><span style=\"color: #f07f00;\">smart<\/span><span style=\"color: #494c4e;\">GUNS<\/span><\/h2><\/div><div class=\"fusion-text fusion-text-3\"><p>For easy working and a clean spray pattern: our <b>smartGUNS <i>Mini<\/i><\/b>, <i><b>Basic<\/b><\/i> and <b><i>Premium<\/i><\/b>. Ideally combined with our <b>smartCUPPS<\/b> systems but of course also applicable with all other cup systems.<\/p>\n<\/div><div class=\"fusion-clearfix\"><\/div><\/div><\/div><div class=\"fusion-layout-column fusion_builder_column fusion-builder-column-5 fusion_builder_column_3_5 3_5 fusion-three-fifth fusion-column-last fusion-animated\" style=\"--awb-padding-top:30px;--awb-bg-size:cover;width:60%;width:calc(60% - ( ( 0% ) * 0.6 ) );\" data-animationType=\"fadeInRight\" data-animationDuration=\"1.0\" data-animationOffset=\"top-into-view\"><div class=\"fusion-column-wrapper fusion-column-has-shadow fusion-flex-column-wrapper-legacy\"><div class=\"fusion-image-element fusion-image-align-center in-legacy-container\" style=\"text-align:center;--awb-caption-title-font-family:var(--h2_typography-font-family);--awb-caption-title-font-weight:var(--h2_typography-font-weight);--awb-caption-title-font-style:var(--h2_typography-font-style);--awb-caption-title-size:var(--h2_typography-font-size);--awb-caption-title-transform:var(--h2_typography-text-transform);--awb-caption-title-line-height:var(--h2_typography-line-height);--awb-caption-title-letter-spacing:var(--h2_typography-letter-spacing);\"><div class=\"imageframe-align-center\"><span class=\" fusion-imageframe imageframe-none imageframe-2 hover-type-none\"><img decoding=\"async\" width=\"1280\" height=\"800\" alt=\"Photo of a spray gun\" title=\"SmartGUNS\" src=\"https:\/\/ditoma.de\/wp-content\/uploads\/2020\/05\/smartguns_product_web.jpg\" class=\"img-responsive wp-image-904\" srcset=\"https:\/\/ditoma.de\/wp-content\/uploads\/2020\/05\/smartguns_product_web-200x125.jpg 200w, https:\/\/ditoma.de\/wp-content\/uploads\/2020\/05\/smartguns_product_web-400x250.jpg 400w, https:\/\/ditoma.de\/wp-content\/uploads\/2020\/05\/smartguns_product_web-600x375.jpg 600w, https:\/\/ditoma.de\/wp-content\/uploads\/2020\/05\/smartguns_product_web-800x500.jpg 800w, https:\/\/ditoma.de\/wp-content\/uploads\/2020\/05\/smartguns_product_web-1200x750.jpg 1200w, https:\/\/ditoma.de\/wp-content\/uploads\/2020\/05\/smartguns_product_web.jpg 1280w\" sizes=\"(max-width: 800px) 100vw, 800px\" \/><\/span><\/div><\/div><div class=\"fusion-clearfix\"><\/div><\/div><\/div><\/div><\/div><div class=\"fusion-fullwidth fullwidth-box fusion-builder-row-4 nonhundred-percent-fullwidth non-hundred-percent-height-scrolling\" style=\"--awb-border-radius-top-left:0px;--awb-border-radius-top-right:0px;--awb-border-radius-bottom-right:0px;--awb-border-radius-bottom-left:0px;--awb-padding-right:3%;--awb-padding-bottom:10%;--awb-flex-wrap:wrap;\" ><div class=\"fusion-builder-row fusion-row\"><div class=\"fusion-layout-column fusion_builder_column fusion-builder-column-6 fusion_builder_column_3_5 3_5 fusion-three-fifth fusion-column-first fusion-animated\" style=\"--awb-bg-size:cover;width:60%;width:calc(60% - ( ( 8% ) * 0.6 ) );margin-right: 8%;\" data-animationType=\"fadeInLeft\" data-animationDuration=\"1.0\" data-animationOffset=\"top-into-view\"><div class=\"fusion-column-wrapper fusion-column-has-shadow fusion-flex-column-wrapper-legacy\"><div class=\"fusion-image-carousel fusion-image-carousel-auto fusion-image-carousel-2\"><div class=\"awb-carousel awb-swiper awb-swiper-carousel awb-carousel--carousel awb-swiper-dots-position-bottom\" data-layout=\"carousel\" data-autoplay=\"yes\" data-autoplayspeed=\"2500\" data-autoplaypause=\"no\" data-columns=\"1\" data-columnsmedium=\"1\" data-columnssmall=\"1\" data-itemmargin=\"0\" data-itemwidth=\"180\" data-touchscroll=\"no\" data-freemode=\"no\" data-imagesize=\"auto\" data-scrollitems=\"1\" data-centeredslides=\"no\" data-rotationangle=\"50\" data-depth=\"100\" data-speed=\"500\" data-shadow=\"no\" data-pagination=\"bullets\" style=\"--awb-columns:1;--awb-column-spacing:0px;\"><div class=\"swiper-wrapper awb-image-carousel-wrapper fusion-flex-align-items-center\"><div class=\"swiper-slide\"><div class=\"fusion-carousel-item-wrapper\"><div class=\"fusion-image-wrapper hover-type-none\"><img decoding=\"async\" width=\"1280\" height=\"800\" src=\"https:\/\/ditoma.de\/wp-content\/uploads\/2020\/05\/smartcupps_soft_product_2_web.jpg\" class=\"attachment-full size-full\" alt=\"smartCUPPS Soft\" srcset=\"https:\/\/ditoma.de\/wp-content\/uploads\/2020\/05\/smartcupps_soft_product_2_web-200x125.jpg 200w, https:\/\/ditoma.de\/wp-content\/uploads\/2020\/05\/smartcupps_soft_product_2_web-300x188.jpg 300w, https:\/\/ditoma.de\/wp-content\/uploads\/2020\/05\/smartcupps_soft_product_2_web-400x250.jpg 400w, https:\/\/ditoma.de\/wp-content\/uploads\/2020\/05\/smartcupps_soft_product_2_web-600x375.jpg 600w, https:\/\/ditoma.de\/wp-content\/uploads\/2020\/05\/smartcupps_soft_product_2_web-768x480.jpg 768w, https:\/\/ditoma.de\/wp-content\/uploads\/2020\/05\/smartcupps_soft_product_2_web-800x500.jpg 800w, https:\/\/ditoma.de\/wp-content\/uploads\/2020\/05\/smartcupps_soft_product_2_web-1024x640.jpg 1024w, https:\/\/ditoma.de\/wp-content\/uploads\/2020\/05\/smartcupps_soft_product_2_web-1200x750.jpg 1200w, https:\/\/ditoma.de\/wp-content\/uploads\/2020\/05\/smartcupps_soft_product_2_web.jpg 1280w\" sizes=\"(max-width: 1280px) 100vw, 1280px\" \/><\/div><\/div><\/div><\/div><\/div><\/div><div class=\"fusion-clearfix\"><\/div><\/div><\/div><div class=\"fusion-layout-column fusion_builder_column fusion-builder-column-7 fusion_builder_column_2_5 2_5 fusion-two-fifth fusion-column-last fusion-animated\" style=\"--awb-padding-top:10%;--awb-bg-size:cover;width:40%;width:calc(40% - ( ( 8% ) * 0.4 ) );\" data-animationType=\"fadeInUp\" data-animationDuration=\"0.9\" data-animationOffset=\"top-into-view\"><div class=\"fusion-column-wrapper fusion-column-has-shadow fusion-flex-column-wrapper-legacy\"><div class=\"fusion-title title fusion-title-7 fusion-sep-none fusion-title-text fusion-title-size-four\" style=\"--awb-margin-bottom:10px;--awb-margin-right-small:0px;--awb-margin-bottom-small:10px;--awb-margin-left-small:0px;\"><h4 class=\"fusion-title-heading title-heading-left fusion-responsive-typography-calculated\" style=\"margin:0;--fontSize:15;--minFontSize:15;line-height:1.5;\">Our cup systems and paint spray guns<\/h4><\/div><div class=\"fusion-title title fusion-title-8 fusion-sep-none fusion-title-text fusion-title-size-two\" style=\"--awb-text-color:#f07f00;--awb-margin-top-small:0px;--awb-margin-right-small:0px;--awb-margin-bottom-small:20px;--awb-margin-left-small:0px;\"><h2 class=\"fusion-title-heading title-heading-left fusion-responsive-typography-calculated\" style=\"margin:0;--fontSize:40;line-height:1.5;\">Learn more<\/h2><\/div><div class=\"fusion-text fusion-text-4\"><p>All information about <b>smartCUPPS<\/b> and <b>smartGUNS<\/b> can be found at <a style=\"color: #f07f00;\" href=\"http:\/\/www.smartcupps.com\" target=\"_blank\" rel=\"noopener noreferrer\">www.smartcupps.com<\/a><\/p>\n<\/div><div class=\"fusion-clearfix\"><\/div><\/div><\/div><\/div><\/div><\/p>\n","protected":false},"excerpt":{"rendered":"","protected":false},"author":1,"featured_media":0,"parent":1026,"menu_order":3,"comment_status":"closed","ping_status":"closed","template":"100-width.php","meta":{"footnotes":""},"class_list":["post-1045","page","type-page","status-publish","hentry"],"yoast_head":"<!-- This site is optimized with the Yoast SEO plugin v27.3 - https:\/\/yoast.com\/product\/yoast-seo-wordpress\/ -->\n<title>smartCUPPS &amp; smartGUNS - DITOMA GmbH - Gro\u00dfhandel f\u00fcr Autolacke, Lackierzubeh\u00f6r &amp; Bootsbedarf<\/title>\n<meta name=\"robots\" content=\"index, follow, max-snippet:-1, max-image-preview:large, max-video-preview:-1\" \/>\n<link rel=\"canonical\" href=\"https:\/\/ditoma.de\/en\/paint-trade-and-equipment\/smartcupps-smartguns\/\" \/>\n<meta property=\"og:locale\" content=\"en_US\" \/>\n<meta property=\"og:type\" content=\"article\" \/>\n<meta property=\"og:title\" content=\"smartCUPPS &amp; smartGUNS - DITOMA GmbH - Gro\u00dfhandel f\u00fcr Autolacke, Lackierzubeh\u00f6r &amp; Bootsbedarf\" \/>\n<meta property=\"og:url\" content=\"https:\/\/ditoma.de\/en\/paint-trade-and-equipment\/smartcupps-smartguns\/\" \/>\n<meta property=\"og:site_name\" content=\"DITOMA GmbH - Gro\u00dfhandel f\u00fcr Autolacke, Lackierzubeh\u00f6r &amp; Bootsbedarf\" \/>\n<meta property=\"article:modified_time\" content=\"2020-06-26T20:59:01+00:00\" \/>\n<meta name=\"twitter:card\" content=\"summary_large_image\" \/>\n<meta name=\"twitter:label1\" content=\"Est. reading time\" \/>\n\t<meta name=\"twitter:data1\" content=\"18 minutes\" \/>\n<script type=\"application\/ld+json\" class=\"yoast-schema-graph\">{\"@context\":\"https:\\\/\\\/schema.org\",\"@graph\":[{\"@type\":\"WebPage\",\"@id\":\"https:\\\/\\\/ditoma.de\\\/en\\\/paint-trade-and-equipment\\\/smartcupps-smartguns\\\/\",\"url\":\"https:\\\/\\\/ditoma.de\\\/en\\\/paint-trade-and-equipment\\\/smartcupps-smartguns\\\/\",\"name\":\"smartCUPPS & smartGUNS - DITOMA GmbH - Gro\u00dfhandel f\u00fcr Autolacke, Lackierzubeh\u00f6r &amp; Bootsbedarf\",\"isPartOf\":{\"@id\":\"https:\\\/\\\/ditoma.de\\\/en\\\/#website\"},\"datePublished\":\"2020-06-13T21:52:47+00:00\",\"dateModified\":\"2020-06-26T20:59:01+00:00\",\"breadcrumb\":{\"@id\":\"https:\\\/\\\/ditoma.de\\\/en\\\/paint-trade-and-equipment\\\/smartcupps-smartguns\\\/#breadcrumb\"},\"inLanguage\":\"en-US\",\"potentialAction\":[{\"@type\":\"ReadAction\",\"target\":[\"https:\\\/\\\/ditoma.de\\\/en\\\/paint-trade-and-equipment\\\/smartcupps-smartguns\\\/\"]}]},{\"@type\":\"BreadcrumbList\",\"@id\":\"https:\\\/\\\/ditoma.de\\\/en\\\/paint-trade-and-equipment\\\/smartcupps-smartguns\\\/#breadcrumb\",\"itemListElement\":[{\"@type\":\"ListItem\",\"position\":1,\"name\":\"Startseite\",\"item\":\"https:\\\/\\\/ditoma.de\\\/en\\\/home\\\/\"},{\"@type\":\"ListItem\",\"position\":2,\"name\":\"Paint trade and equipment\",\"item\":\"https:\\\/\\\/ditoma.de\\\/en\\\/lackhandel-und-zubehoer\\\/\"},{\"@type\":\"ListItem\",\"position\":3,\"name\":\"smartCUPPS &#038; smartGUNS\"}]},{\"@type\":\"WebSite\",\"@id\":\"https:\\\/\\\/ditoma.de\\\/en\\\/#website\",\"url\":\"https:\\\/\\\/ditoma.de\\\/en\\\/\",\"name\":\"DITOMA GmbH - Gro\u00dfhandel f\u00fcr Autolacke, Lackierzubeh\u00f6r &amp; Bootsbedarf\",\"description\":\"\",\"publisher\":{\"@id\":\"https:\\\/\\\/ditoma.de\\\/en\\\/#organization\"},\"potentialAction\":[{\"@type\":\"SearchAction\",\"target\":{\"@type\":\"EntryPoint\",\"urlTemplate\":\"https:\\\/\\\/ditoma.de\\\/en\\\/?s={search_term_string}\"},\"query-input\":{\"@type\":\"PropertyValueSpecification\",\"valueRequired\":true,\"valueName\":\"search_term_string\"}}],\"inLanguage\":\"en-US\"},{\"@type\":\"Organization\",\"@id\":\"https:\\\/\\\/ditoma.de\\\/en\\\/#organization\",\"name\":\"DITOMA GmbH - Gro\u00dfhandel f\u00fcr Autolacke, Lackierzubeh\u00f6r &amp; Bootsbedarf\",\"url\":\"https:\\\/\\\/ditoma.de\\\/en\\\/\",\"logo\":{\"@type\":\"ImageObject\",\"inLanguage\":\"en-US\",\"@id\":\"https:\\\/\\\/ditoma.de\\\/en\\\/#\\\/schema\\\/logo\\\/image\\\/\",\"url\":\"https:\\\/\\\/ditoma.de\\\/wp-content\\\/uploads\\\/2020\\\/06\\\/ditoma-logo-500x143-1.png\",\"contentUrl\":\"https:\\\/\\\/ditoma.de\\\/wp-content\\\/uploads\\\/2020\\\/06\\\/ditoma-logo-500x143-1.png\",\"width\":500,\"height\":143,\"caption\":\"DITOMA GmbH - Gro\u00dfhandel f\u00fcr Autolacke, Lackierzubeh\u00f6r &amp; Bootsbedarf\"},\"image\":{\"@id\":\"https:\\\/\\\/ditoma.de\\\/en\\\/#\\\/schema\\\/logo\\\/image\\\/\"},\"sameAs\":[\"https:\\\/\\\/de.linkedin.com\\\/company\\\/ditoma-gmbh\"]}]}<\/script>\n<!-- \/ Yoast SEO plugin. -->","yoast_head_json":{"title":"smartCUPPS & smartGUNS - DITOMA GmbH - Gro\u00dfhandel f\u00fcr Autolacke, Lackierzubeh\u00f6r &amp; Bootsbedarf","robots":{"index":"index","follow":"follow","max-snippet":"max-snippet:-1","max-image-preview":"max-image-preview:large","max-video-preview":"max-video-preview:-1"},"canonical":"https:\/\/ditoma.de\/en\/paint-trade-and-equipment\/smartcupps-smartguns\/","og_locale":"en_US","og_type":"article","og_title":"smartCUPPS & smartGUNS - DITOMA GmbH - Gro\u00dfhandel f\u00fcr Autolacke, Lackierzubeh\u00f6r &amp; Bootsbedarf","og_url":"https:\/\/ditoma.de\/en\/paint-trade-and-equipment\/smartcupps-smartguns\/","og_site_name":"DITOMA GmbH - Gro\u00dfhandel f\u00fcr Autolacke, Lackierzubeh\u00f6r &amp; Bootsbedarf","article_modified_time":"2020-06-26T20:59:01+00:00","twitter_card":"summary_large_image","twitter_misc":{"Est. reading time":"18 minutes"},"schema":{"@context":"https:\/\/schema.org","@graph":[{"@type":"WebPage","@id":"https:\/\/ditoma.de\/en\/paint-trade-and-equipment\/smartcupps-smartguns\/","url":"https:\/\/ditoma.de\/en\/paint-trade-and-equipment\/smartcupps-smartguns\/","name":"smartCUPPS & smartGUNS - DITOMA GmbH - Gro\u00dfhandel f\u00fcr Autolacke, Lackierzubeh\u00f6r &amp; Bootsbedarf","isPartOf":{"@id":"https:\/\/ditoma.de\/en\/#website"},"datePublished":"2020-06-13T21:52:47+00:00","dateModified":"2020-06-26T20:59:01+00:00","breadcrumb":{"@id":"https:\/\/ditoma.de\/en\/paint-trade-and-equipment\/smartcupps-smartguns\/#breadcrumb"},"inLanguage":"en-US","potentialAction":[{"@type":"ReadAction","target":["https:\/\/ditoma.de\/en\/paint-trade-and-equipment\/smartcupps-smartguns\/"]}]},{"@type":"BreadcrumbList","@id":"https:\/\/ditoma.de\/en\/paint-trade-and-equipment\/smartcupps-smartguns\/#breadcrumb","itemListElement":[{"@type":"ListItem","position":1,"name":"Startseite","item":"https:\/\/ditoma.de\/en\/home\/"},{"@type":"ListItem","position":2,"name":"Paint trade and equipment","item":"https:\/\/ditoma.de\/en\/lackhandel-und-zubehoer\/"},{"@type":"ListItem","position":3,"name":"smartCUPPS &#038; smartGUNS"}]},{"@type":"WebSite","@id":"https:\/\/ditoma.de\/en\/#website","url":"https:\/\/ditoma.de\/en\/","name":"DITOMA GmbH - Gro\u00dfhandel f\u00fcr Autolacke, Lackierzubeh\u00f6r &amp; Bootsbedarf","description":"","publisher":{"@id":"https:\/\/ditoma.de\/en\/#organization"},"potentialAction":[{"@type":"SearchAction","target":{"@type":"EntryPoint","urlTemplate":"https:\/\/ditoma.de\/en\/?s={search_term_string}"},"query-input":{"@type":"PropertyValueSpecification","valueRequired":true,"valueName":"search_term_string"}}],"inLanguage":"en-US"},{"@type":"Organization","@id":"https:\/\/ditoma.de\/en\/#organization","name":"DITOMA GmbH - Gro\u00dfhandel f\u00fcr Autolacke, Lackierzubeh\u00f6r &amp; Bootsbedarf","url":"https:\/\/ditoma.de\/en\/","logo":{"@type":"ImageObject","inLanguage":"en-US","@id":"https:\/\/ditoma.de\/en\/#\/schema\/logo\/image\/","url":"https:\/\/ditoma.de\/wp-content\/uploads\/2020\/06\/ditoma-logo-500x143-1.png","contentUrl":"https:\/\/ditoma.de\/wp-content\/uploads\/2020\/06\/ditoma-logo-500x143-1.png","width":500,"height":143,"caption":"DITOMA GmbH - Gro\u00dfhandel f\u00fcr Autolacke, Lackierzubeh\u00f6r &amp; Bootsbedarf"},"image":{"@id":"https:\/\/ditoma.de\/en\/#\/schema\/logo\/image\/"},"sameAs":["https:\/\/de.linkedin.com\/company\/ditoma-gmbh"]}]}},"_links":{"self":[{"href":"https:\/\/ditoma.de\/en\/wp-json\/wp\/v2\/pages\/1045","targetHints":{"allow":["GET"]}}],"collection":[{"href":"https:\/\/ditoma.de\/en\/wp-json\/wp\/v2\/pages"}],"about":[{"href":"https:\/\/ditoma.de\/en\/wp-json\/wp\/v2\/types\/page"}],"author":[{"embeddable":true,"href":"https:\/\/ditoma.de\/en\/wp-json\/wp\/v2\/users\/1"}],"replies":[{"embeddable":true,"href":"https:\/\/ditoma.de\/en\/wp-json\/wp\/v2\/comments?post=1045"}],"version-history":[{"count":5,"href":"https:\/\/ditoma.de\/en\/wp-json\/wp\/v2\/pages\/1045\/revisions"}],"predecessor-version":[{"id":1220,"href":"https:\/\/ditoma.de\/en\/wp-json\/wp\/v2\/pages\/1045\/revisions\/1220"}],"up":[{"embeddable":true,"href":"https:\/\/ditoma.de\/en\/wp-json\/wp\/v2\/pages\/1026"}],"wp:attachment":[{"href":"https:\/\/ditoma.de\/en\/wp-json\/wp\/v2\/media?parent=1045"}],"curies":[{"name":"wp","href":"https:\/\/api.w.org\/{rel}","templated":true}]}}