{"id":1072,"date":"2020-06-14T00:30:10","date_gmt":"2020-06-13T22:30:10","guid":{"rendered":"https:\/\/ditoma.de\/contact\/"},"modified":"2023-01-05T11:49:45","modified_gmt":"2023-01-05T10:49:45","slug":"contact","status":"publish","type":"page","link":"https:\/\/ditoma.de\/en\/contact\/","title":{"rendered":"Contact"},"content":{"rendered":"<p><div class=\"fusion-fullwidth fullwidth-box fusion-builder-row-1 nonhundred-percent-fullwidth non-hundred-percent-height-scrolling\" style=\"--awb-background-position:left top;--awb-border-sizes-top:0px;--awb-border-sizes-bottom:0px;--awb-border-sizes-left:0px;--awb-border-sizes-right:0px;--awb-border-radius-top-left:0px;--awb-border-radius-top-right:0px;--awb-border-radius-bottom-right:0px;--awb-border-radius-bottom-left:0px;--awb-padding-top:90px;--awb-padding-bottom:90px;--awb-flex-wrap:wrap;\" ><div class=\"fusion-builder-row fusion-row\"><div class=\"fusion-layout-column fusion_builder_column fusion-builder-column-0 fusion_builder_column_2_3 2_3 fusion-two-third fusion-column-first\" style=\"--awb-bg-size:cover;width:66.666666666667%;width:calc(66.666666666667% - ( ( 4% ) * 0.66666666666667 ) );margin-right: 4%;\"><div class=\"fusion-column-wrapper fusion-column-has-shadow fusion-flex-column-wrapper-legacy\"><div class=\"fusion-title title fusion-title-1 fusion-sep-none fusion-title-text fusion-title-size-four\" style=\"--awb-margin-bottom:10px;--awb-margin-right-small:0px;--awb-margin-bottom-small:10px;--awb-margin-left-small:0px;\"><h4 class=\"fusion-title-heading title-heading-left fusion-responsive-typography-calculated\" style=\"margin:0;--fontSize:15;--minFontSize:15;line-height:1.5;\">You are interested in our products &amp; services?<\/h4><\/div><div class=\"fusion-title title fusion-title-2 fusion-sep-none fusion-title-text fusion-title-size-one\" style=\"--awb-margin-top-small:0px;--awb-margin-right-small:0px;--awb-margin-bottom-small:20px;--awb-margin-left-small:0px;\"><h1 class=\"fusion-title-heading title-heading-left fusion-responsive-typography-calculated\" style=\"margin:0;--fontSize:45;line-height:1.5;\">Contact us!<\/h1><\/div><div class=\"fusion-text fusion-text-1\"><div class=\"wpforms-container wpforms-container-full\" id=\"wpforms-1071\"><form id=\"wpforms-form-1071\" class=\"wpforms-validate wpforms-form wpforms-ajax-form\" data-formid=\"1071\" method=\"post\" enctype=\"multipart\/form-data\" action=\"\/en\/wp-json\/wp\/v2\/pages\/1072\" data-token=\"34824bc09647f14a8ce6a2c80c2832db\" data-token-time=\"1775948312\"><noscript class=\"wpforms-error-noscript\">Please enable JavaScript in your browser to complete this form.<\/noscript><div class=\"wpforms-field-container\"><div id=\"wpforms-1071-field_0-container\" class=\"wpforms-field wpforms-field-name\" data-field-id=\"0\"><label class=\"wpforms-field-label\" for=\"wpforms-1071-field_0\">Your name <span class=\"wpforms-required-label\">*<\/span><\/label><input type=\"text\" id=\"wpforms-1071-field_0\" class=\"wpforms-field-large wpforms-field-required\" name=\"wpforms[fields][0]\" required><\/div><div id=\"wpforms-1071-field_1-container\" class=\"wpforms-field wpforms-field-email\" data-field-id=\"1\"><label class=\"wpforms-field-label\" for=\"wpforms-1071-field_1\">Email <span class=\"wpforms-required-label\">*<\/span><\/label><input type=\"email\" id=\"wpforms-1071-field_1\" class=\"wpforms-field-large wpforms-field-required\" name=\"wpforms[fields][1]\" spellcheck=\"false\" required><\/div><div id=\"wpforms-1071-field_2-container\" class=\"wpforms-field wpforms-field-textarea\" data-field-id=\"2\"><label class=\"wpforms-field-label\" for=\"wpforms-1071-field_2\">Comment or message <span class=\"wpforms-required-label\">*<\/span><\/label><textarea id=\"wpforms-1071-field_2\" class=\"wpforms-field-medium wpforms-field-required\" name=\"wpforms[fields][2]\" required><\/textarea><\/div><div id=\"wpforms-1071-field_3-container\" class=\"wpforms-field wpforms-field-checkbox datenschutz\" data-field-id=\"3\"><label class=\"wpforms-field-label\">Privacy protection <span class=\"wpforms-required-label\">*<\/span><\/label><ul id=\"wpforms-1071-field_3\" class=\"wpforms-field-required\"><li class=\"choice-1 depth-1\"><input type=\"checkbox\" id=\"wpforms-1071-field_3_1\" name=\"wpforms[fields][3][]\" value=\"I agree that my details from the contact form are collected and processed to answer my request. The data will be deleted after your request has been processed.\" required ><label class=\"wpforms-field-label-inline\" for=\"wpforms-1071-field_3_1\">I agree that my details from the contact form are collected and processed to answer my request. The data will be deleted after your request has been processed.<\/label><\/li><\/ul><div class=\"wpforms-field-description\"><a href=\"https:\/\/ditoma.de\/en\/privacy\/\">Further information on data protection<\/a><\/div><\/div><\/div><!-- .wpforms-field-container --><div class=\"wpforms-field wpforms-field-hp\"><label for=\"wpforms-1071-field-hp\" class=\"wpforms-field-label\">Name<\/label><input type=\"text\" name=\"wpforms[hp]\" id=\"wpforms-1071-field-hp\" class=\"wpforms-field-medium\"><\/div><div class=\"wpforms-recaptcha-container wpforms-is-recaptcha wpforms-is-recaptcha-type-v3\" ><input type=\"hidden\" name=\"wpforms[recaptcha]\" value=\"\"><\/div><div class=\"wpforms-submit-container\" ><input type=\"hidden\" name=\"wpforms[id]\" value=\"1071\"><input type=\"hidden\" name=\"page_title\" value=\"\"><input type=\"hidden\" name=\"page_url\" value=\"https:\/\/ditoma.de\/en\/wp-json\/wp\/v2\/pages\/1072\"><input type=\"hidden\" name=\"url_referer\" value=\"\"><button type=\"submit\" name=\"wpforms[submit]\" id=\"wpforms-submit-1071\" class=\"wpforms-submit\" data-alt-text=\"Send...\" data-submit-text=\"Submit\" aria-live=\"assertive\" value=\"wpforms-submit\">Submit<\/button><img decoding=\"async\" src=\"https:\/\/ditoma.de\/wp-content\/plugins\/wpforms\/assets\/images\/submit-spin.svg\" class=\"wpforms-submit-spinner\" style=\"display: none;\" width=\"26\" height=\"26\" alt=\"Loading\"><\/div><\/form><\/div>  <!-- .wpforms-container -->\n<\/div><div class=\"fusion-clearfix\"><\/div><\/div><\/div><div class=\"fusion-layout-column fusion_builder_column fusion-builder-column-1 fusion_builder_column_1_3 1_3 fusion-one-third fusion-column-last fusion-animated\" style=\"--awb-padding-top:27px;--awb-padding-right:25px;--awb-padding-bottom:18px;--awb-padding-left:25px;--awb-bg-size:cover;--awb-border-color:#cccccc;--awb-border-top:1px;--awb-border-right:1px;--awb-border-bottom:1px;--awb-border-left:1px;--awb-border-style:solid;width:33.333333333333%;width:calc(33.333333333333% - ( ( 4% ) * 0.33333333333333 ) );\" data-animationType=\"fadeInRight\" data-animationDuration=\"1.0\" data-animationOffset=\"top-into-view\"><div class=\"fusion-column-wrapper fusion-column-has-shadow fusion-flex-column-wrapper-legacy\"><div class=\"fusion-title title fusion-title-3 fusion-sep-none fusion-title-center fusion-title-text fusion-title-size-three\" style=\"--awb-margin-bottom:10px;--awb-margin-top-small:0px;--awb-margin-right-small:0px;--awb-margin-bottom-small:20px;--awb-margin-left-small:0px;\"><h3 class=\"fusion-title-heading title-heading-center fusion-responsive-typography-calculated\" style=\"margin:0;--fontSize:16;--minFontSize:16;line-height:1.5;\">Contact by email<\/h3><\/div><div class=\"fusion-text fusion-text-2\"><p style=\"text-align: center;\">If you have any other questions, need press material or would like to apply for a job with us, please contact us at the following email addresses:<\/p>\n<\/div><ul style=\"--awb-size:21px;--awb-iconcolor:#a70b16;--awb-line-height:35.7px;--awb-icon-width:35.7px;--awb-icon-height:35.7px;--awb-icon-margin:14.7px;--awb-content-margin:50.4px;\" class=\"fusion-checklist fusion-checklist-1 fusion-checklist-default type-icons\"><li class=\"fusion-li-item\" style=\"\"><span class=\"icon-wrapper circle-no\"><i class=\"fusion-li-icon fa-envelope fas\" aria-hidden=\"true\"><\/i><\/span><div class=\"fusion-li-item-content\"><a href=\"javascript:linkTo_UnCryptMailto('nbjmup;jogpAejupnb\/ef');\">info [at] ditoma.de<\/a><\/div><\/li><li class=\"fusion-li-item\" style=\"\"><span class=\"icon-wrapper circle-no\"><i class=\"fusion-li-icon fa-newspaper fas\" aria-hidden=\"true\"><\/i><\/span><div class=\"fusion-li-item-content\">\n<a href=\"javascript:linkTo_UnCryptMailto('nbjmup;qsfttfAejupnb\/ef');\">presse [at] ditoma.de<\/a>\n<\/div><\/li><li class=\"fusion-li-item\" style=\"\"><span class=\"icon-wrapper circle-no\"><i class=\"fusion-li-icon fa-mail-bulk fas\" aria-hidden=\"true\"><\/i><\/span><div class=\"fusion-li-item-content\">\n<a href=\"javascript:linkTo_UnCryptMailto('nbjmup;lbssjfsfAejupnb\/ef');\">karriere [at] ditoma.de<\/a>\n<\/div><\/li><\/ul><div class=\"fusion-clearfix\"><\/div><\/div><\/div><\/div><\/div><div class=\"fusion-fullwidth fullwidth-box fusion-builder-row-2 hundred-percent-fullwidth non-hundred-percent-height-scrolling\" style=\"--awb-background-position:left top;--awb-border-sizes-top:0px;--awb-border-sizes-bottom:0px;--awb-border-sizes-left:0px;--awb-border-sizes-right:0px;--awb-border-radius-top-left:0px;--awb-border-radius-top-right:0px;--awb-border-radius-bottom-right:0px;--awb-border-radius-bottom-left:0px;--awb-padding-top:0px;--awb-padding-right:0px;--awb-padding-bottom:0px;--awb-padding-left:0px;--awb-flex-wrap:wrap;\" ><div class=\"fusion-builder-row fusion-row\"><div class=\"fusion-layout-column fusion_builder_column fusion-builder-column-2 fusion_builder_column_1_1 1_1 fusion-one-full fusion-column-first fusion-column-last fusion-column-no-min-height\" style=\"--awb-bg-size:cover;--awb-margin-bottom:0px;\"><div class=\"fusion-column-wrapper fusion-column-has-shadow fusion-flex-column-wrapper-legacy\">\t\t\t\t\t<script type=\"text\/javascript\">\n\t\t\t\t\t\tvar map_fusion_map_69dad218dfb86;\n\t\t\t\t\t\tvar markers = [];\n\t\t\t\t\t\tvar counter = 0;\n\t\t\t\t\t\t\t\t\t\t\t\t\t\t\t\t\t\t\t\tvar fusionMapNonce = '57b2739656';\n\t\t\t\t\t\t\t\t\t\t\t\tfunction fusion_run_map_fusion_map_69dad218dfb86() {\n\t\t\t\t\t\t\tjQuery ('#fusion_map_69dad218dfb86' ).fusion_maps( {\n\t\t\t\t\t\t\t\taddresses: [{\"address\":\"Mauserstra\\u00dfe 6\\\/2, 71640 Ludwigsburg, Germany\",\"infobox_content\":\"\",\"marker\":\"https:\\\/\\\/ditoma.de\\\/wp-content\\\/plugins\\\/fusion-builder\\\/images\\\/avada_map_marker.png\",\"coordinates\":false,\"cache\":true,\"latitude\":\"48.89104940000001\",\"longitude\":\"9.235462799999999\"}],\n\t\t\t\t\t\t\t\tanimations: true,\n\t\t\t\t\t\t\t\tinfobox_background_color: '',\n\t\t\t\t\t\t\t\tinfobox_styling: 'default',\n\t\t\t\t\t\t\t\tinfobox_text_color: '',\n\t\t\t\t\t\t\t\tmap_style: 'custom',\n\t\t\t\t\t\t\t\tmap_type: 'roadmap',\n\t\t\t\t\t\t\t\tmarker_icon: 'theme',\n\t\t\t\t\t\t\t\toverlay_color: '#a5a5a5',\n\t\t\t\t\t\t\t\toverlay_color_hsl: {\"hue\":0,\"sat\":0,\"lum\":65},\n\t\t\t\t\t\t\t\tshow_address: true,\n\t\t\t\t\t\t\t\tscale_control: false,\n\t\t\t\t\t\t\t\tscrollwheel: false,\n\t\t\t\t\t\t\t\tzoom: 16,\n\t\t\t\t\t\t\t\tzoom_control: false,\n\t\t\t\t\t\t\t} );\n\t\t\t\t\t\t}\n\n\t\t\t\t\t\tgoogle.maps.event.addDomListener(window, 'load', fusion_run_map_fusion_map_69dad218dfb86);\n\t\t\t\t\t<\/script>\n\t\t\t\t\t<div class=\"shortcode-map fusion-google-map fusion-maps-js-type\" style=\"--awb-height:550px;\" id=\"fusion_map_69dad218dfb86\"><\/div><div class=\"fusion-clearfix\"><\/div><\/div><\/div><\/div><\/div><\/p>\n","protected":false},"excerpt":{"rendered":"","protected":false},"author":1,"featured_media":1011,"parent":0,"menu_order":16,"comment_status":"closed","ping_status":"closed","template":"100-width.php","meta":{"footnotes":""},"class_list":["post-1072","page","type-page","status-publish","has-post-thumbnail","hentry"],"yoast_head":"<!-- This site is optimized with the Yoast SEO plugin v27.3 - https:\/\/yoast.com\/product\/yoast-seo-wordpress\/ -->\n<title>Contact - DITOMA GmbH - Gro\u00dfhandel f\u00fcr Autolacke, Lackierzubeh\u00f6r &amp; Bootsbedarf<\/title>\n<meta name=\"robots\" content=\"index, follow, max-snippet:-1, max-image-preview:large, max-video-preview:-1\" \/>\n<link rel=\"canonical\" href=\"https:\/\/ditoma.de\/en\/contact\/\" \/>\n<meta property=\"og:locale\" content=\"en_US\" \/>\n<meta property=\"og:type\" content=\"article\" \/>\n<meta property=\"og:title\" content=\"Contact - DITOMA GmbH - Gro\u00dfhandel f\u00fcr Autolacke, Lackierzubeh\u00f6r &amp; Bootsbedarf\" \/>\n<meta property=\"og:url\" content=\"https:\/\/ditoma.de\/en\/contact\/\" \/>\n<meta property=\"og:site_name\" content=\"DITOMA GmbH - Gro\u00dfhandel f\u00fcr Autolacke, Lackierzubeh\u00f6r &amp; Bootsbedarf\" \/>\n<meta property=\"article:modified_time\" content=\"2023-01-05T10:49:45+00:00\" \/>\n<meta property=\"og:image\" content=\"https:\/\/ditoma.de\/wp-content\/uploads\/2020\/06\/beitragsbild_ditoma.jpg\" \/>\n\t<meta property=\"og:image:width\" content=\"400\" \/>\n\t<meta property=\"og:image:height\" content=\"300\" \/>\n\t<meta property=\"og:image:type\" content=\"image\/jpeg\" \/>\n<meta name=\"twitter:card\" content=\"summary_large_image\" \/>\n<meta name=\"twitter:label1\" content=\"Est. reading time\" \/>\n\t<meta name=\"twitter:data1\" content=\"4 minutes\" \/>\n<script type=\"application\/ld+json\" class=\"yoast-schema-graph\">{\"@context\":\"https:\\\/\\\/schema.org\",\"@graph\":[{\"@type\":\"WebPage\",\"@id\":\"https:\\\/\\\/ditoma.de\\\/en\\\/contact\\\/\",\"url\":\"https:\\\/\\\/ditoma.de\\\/en\\\/contact\\\/\",\"name\":\"Contact - DITOMA GmbH - Gro\u00dfhandel f\u00fcr Autolacke, Lackierzubeh\u00f6r &amp; Bootsbedarf\",\"isPartOf\":{\"@id\":\"https:\\\/\\\/ditoma.de\\\/en\\\/#website\"},\"primaryImageOfPage\":{\"@id\":\"https:\\\/\\\/ditoma.de\\\/en\\\/contact\\\/#primaryimage\"},\"image\":{\"@id\":\"https:\\\/\\\/ditoma.de\\\/en\\\/contact\\\/#primaryimage\"},\"thumbnailUrl\":\"https:\\\/\\\/ditoma.de\\\/wp-content\\\/uploads\\\/2020\\\/06\\\/beitragsbild_ditoma.jpg\",\"datePublished\":\"2020-06-13T22:30:10+00:00\",\"dateModified\":\"2023-01-05T10:49:45+00:00\",\"breadcrumb\":{\"@id\":\"https:\\\/\\\/ditoma.de\\\/en\\\/contact\\\/#breadcrumb\"},\"inLanguage\":\"en-US\",\"potentialAction\":[{\"@type\":\"ReadAction\",\"target\":[\"https:\\\/\\\/ditoma.de\\\/en\\\/contact\\\/\"]}]},{\"@type\":\"ImageObject\",\"inLanguage\":\"en-US\",\"@id\":\"https:\\\/\\\/ditoma.de\\\/en\\\/contact\\\/#primaryimage\",\"url\":\"https:\\\/\\\/ditoma.de\\\/wp-content\\\/uploads\\\/2020\\\/06\\\/beitragsbild_ditoma.jpg\",\"contentUrl\":\"https:\\\/\\\/ditoma.de\\\/wp-content\\\/uploads\\\/2020\\\/06\\\/beitragsbild_ditoma.jpg\",\"width\":400,\"height\":300},{\"@type\":\"BreadcrumbList\",\"@id\":\"https:\\\/\\\/ditoma.de\\\/en\\\/contact\\\/#breadcrumb\",\"itemListElement\":[{\"@type\":\"ListItem\",\"position\":1,\"name\":\"Startseite\",\"item\":\"https:\\\/\\\/ditoma.de\\\/en\\\/home\\\/\"},{\"@type\":\"ListItem\",\"position\":2,\"name\":\"Contact\"}]},{\"@type\":\"WebSite\",\"@id\":\"https:\\\/\\\/ditoma.de\\\/en\\\/#website\",\"url\":\"https:\\\/\\\/ditoma.de\\\/en\\\/\",\"name\":\"DITOMA GmbH - Gro\u00dfhandel f\u00fcr Autolacke, Lackierzubeh\u00f6r &amp; Bootsbedarf\",\"description\":\"\",\"publisher\":{\"@id\":\"https:\\\/\\\/ditoma.de\\\/en\\\/#organization\"},\"potentialAction\":[{\"@type\":\"SearchAction\",\"target\":{\"@type\":\"EntryPoint\",\"urlTemplate\":\"https:\\\/\\\/ditoma.de\\\/en\\\/?s={search_term_string}\"},\"query-input\":{\"@type\":\"PropertyValueSpecification\",\"valueRequired\":true,\"valueName\":\"search_term_string\"}}],\"inLanguage\":\"en-US\"},{\"@type\":\"Organization\",\"@id\":\"https:\\\/\\\/ditoma.de\\\/en\\\/#organization\",\"name\":\"DITOMA GmbH - Gro\u00dfhandel f\u00fcr Autolacke, Lackierzubeh\u00f6r &amp; Bootsbedarf\",\"url\":\"https:\\\/\\\/ditoma.de\\\/en\\\/\",\"logo\":{\"@type\":\"ImageObject\",\"inLanguage\":\"en-US\",\"@id\":\"https:\\\/\\\/ditoma.de\\\/en\\\/#\\\/schema\\\/logo\\\/image\\\/\",\"url\":\"https:\\\/\\\/ditoma.de\\\/wp-content\\\/uploads\\\/2020\\\/06\\\/ditoma-logo-500x143-1.png\",\"contentUrl\":\"https:\\\/\\\/ditoma.de\\\/wp-content\\\/uploads\\\/2020\\\/06\\\/ditoma-logo-500x143-1.png\",\"width\":500,\"height\":143,\"caption\":\"DITOMA GmbH - Gro\u00dfhandel f\u00fcr Autolacke, Lackierzubeh\u00f6r &amp; Bootsbedarf\"},\"image\":{\"@id\":\"https:\\\/\\\/ditoma.de\\\/en\\\/#\\\/schema\\\/logo\\\/image\\\/\"},\"sameAs\":[\"https:\\\/\\\/de.linkedin.com\\\/company\\\/ditoma-gmbh\"]}]}<\/script>\n<!-- \/ Yoast SEO plugin. -->","yoast_head_json":{"title":"Contact - DITOMA GmbH - Gro\u00dfhandel f\u00fcr Autolacke, Lackierzubeh\u00f6r &amp; Bootsbedarf","robots":{"index":"index","follow":"follow","max-snippet":"max-snippet:-1","max-image-preview":"max-image-preview:large","max-video-preview":"max-video-preview:-1"},"canonical":"https:\/\/ditoma.de\/en\/contact\/","og_locale":"en_US","og_type":"article","og_title":"Contact - DITOMA GmbH - Gro\u00dfhandel f\u00fcr Autolacke, Lackierzubeh\u00f6r &amp; Bootsbedarf","og_url":"https:\/\/ditoma.de\/en\/contact\/","og_site_name":"DITOMA GmbH - Gro\u00dfhandel f\u00fcr Autolacke, Lackierzubeh\u00f6r &amp; Bootsbedarf","article_modified_time":"2023-01-05T10:49:45+00:00","og_image":[{"width":400,"height":300,"url":"https:\/\/ditoma.de\/wp-content\/uploads\/2020\/06\/beitragsbild_ditoma.jpg","type":"image\/jpeg"}],"twitter_card":"summary_large_image","twitter_misc":{"Est. reading time":"4 minutes"},"schema":{"@context":"https:\/\/schema.org","@graph":[{"@type":"WebPage","@id":"https:\/\/ditoma.de\/en\/contact\/","url":"https:\/\/ditoma.de\/en\/contact\/","name":"Contact - DITOMA GmbH - Gro\u00dfhandel f\u00fcr Autolacke, Lackierzubeh\u00f6r &amp; Bootsbedarf","isPartOf":{"@id":"https:\/\/ditoma.de\/en\/#website"},"primaryImageOfPage":{"@id":"https:\/\/ditoma.de\/en\/contact\/#primaryimage"},"image":{"@id":"https:\/\/ditoma.de\/en\/contact\/#primaryimage"},"thumbnailUrl":"https:\/\/ditoma.de\/wp-content\/uploads\/2020\/06\/beitragsbild_ditoma.jpg","datePublished":"2020-06-13T22:30:10+00:00","dateModified":"2023-01-05T10:49:45+00:00","breadcrumb":{"@id":"https:\/\/ditoma.de\/en\/contact\/#breadcrumb"},"inLanguage":"en-US","potentialAction":[{"@type":"ReadAction","target":["https:\/\/ditoma.de\/en\/contact\/"]}]},{"@type":"ImageObject","inLanguage":"en-US","@id":"https:\/\/ditoma.de\/en\/contact\/#primaryimage","url":"https:\/\/ditoma.de\/wp-content\/uploads\/2020\/06\/beitragsbild_ditoma.jpg","contentUrl":"https:\/\/ditoma.de\/wp-content\/uploads\/2020\/06\/beitragsbild_ditoma.jpg","width":400,"height":300},{"@type":"BreadcrumbList","@id":"https:\/\/ditoma.de\/en\/contact\/#breadcrumb","itemListElement":[{"@type":"ListItem","position":1,"name":"Startseite","item":"https:\/\/ditoma.de\/en\/home\/"},{"@type":"ListItem","position":2,"name":"Contact"}]},{"@type":"WebSite","@id":"https:\/\/ditoma.de\/en\/#website","url":"https:\/\/ditoma.de\/en\/","name":"DITOMA GmbH - Gro\u00dfhandel f\u00fcr Autolacke, Lackierzubeh\u00f6r &amp; Bootsbedarf","description":"","publisher":{"@id":"https:\/\/ditoma.de\/en\/#organization"},"potentialAction":[{"@type":"SearchAction","target":{"@type":"EntryPoint","urlTemplate":"https:\/\/ditoma.de\/en\/?s={search_term_string}"},"query-input":{"@type":"PropertyValueSpecification","valueRequired":true,"valueName":"search_term_string"}}],"inLanguage":"en-US"},{"@type":"Organization","@id":"https:\/\/ditoma.de\/en\/#organization","name":"DITOMA GmbH - Gro\u00dfhandel f\u00fcr Autolacke, Lackierzubeh\u00f6r &amp; Bootsbedarf","url":"https:\/\/ditoma.de\/en\/","logo":{"@type":"ImageObject","inLanguage":"en-US","@id":"https:\/\/ditoma.de\/en\/#\/schema\/logo\/image\/","url":"https:\/\/ditoma.de\/wp-content\/uploads\/2020\/06\/ditoma-logo-500x143-1.png","contentUrl":"https:\/\/ditoma.de\/wp-content\/uploads\/2020\/06\/ditoma-logo-500x143-1.png","width":500,"height":143,"caption":"DITOMA GmbH - Gro\u00dfhandel f\u00fcr Autolacke, Lackierzubeh\u00f6r &amp; Bootsbedarf"},"image":{"@id":"https:\/\/ditoma.de\/en\/#\/schema\/logo\/image\/"},"sameAs":["https:\/\/de.linkedin.com\/company\/ditoma-gmbh"]}]}},"_links":{"self":[{"href":"https:\/\/ditoma.de\/en\/wp-json\/wp\/v2\/pages\/1072","targetHints":{"allow":["GET"]}}],"collection":[{"href":"https:\/\/ditoma.de\/en\/wp-json\/wp\/v2\/pages"}],"about":[{"href":"https:\/\/ditoma.de\/en\/wp-json\/wp\/v2\/types\/page"}],"author":[{"embeddable":true,"href":"https:\/\/ditoma.de\/en\/wp-json\/wp\/v2\/users\/1"}],"replies":[{"embeddable":true,"href":"https:\/\/ditoma.de\/en\/wp-json\/wp\/v2\/comments?post=1072"}],"version-history":[{"count":5,"href":"https:\/\/ditoma.de\/en\/wp-json\/wp\/v2\/pages\/1072\/revisions"}],"predecessor-version":[{"id":1921,"href":"https:\/\/ditoma.de\/en\/wp-json\/wp\/v2\/pages\/1072\/revisions\/1921"}],"wp:featuredmedia":[{"embeddable":true,"href":"https:\/\/ditoma.de\/en\/wp-json\/wp\/v2\/media\/1011"}],"wp:attachment":[{"href":"https:\/\/ditoma.de\/en\/wp-json\/wp\/v2\/media?parent=1072"}],"curies":[{"name":"wp","href":"https:\/\/api.w.org\/{rel}","templated":true}]}}