{"id":1076,"date":"2020-06-14T00:35:10","date_gmt":"2020-06-13T22:35:10","guid":{"rendered":"https:\/\/ditoma.de\/boats-and-equipment\/fareast\/"},"modified":"2020-11-23T08:38:16","modified_gmt":"2020-11-23T07:38:16","slug":"fareast","status":"publish","type":"page","link":"https:\/\/ditoma.de\/en\/boats-and-equipment\/fareast\/","title":{"rendered":"FarEast"},"content":{"rendered":"<p><div class=\"fusion-fullwidth fullwidth-box fusion-builder-row-1 fusion-parallax-none nonhundred-percent-fullwidth non-hundred-percent-height-scrolling\" style=\"--awb-background-position:right top;--awb-background-blend-mode:overlay;--awb-border-sizes-top:0px;--awb-border-sizes-bottom:0px;--awb-border-sizes-left:0px;--awb-border-sizes-right:0px;--awb-border-radius-top-left:0px;--awb-border-radius-top-right:0px;--awb-border-radius-bottom-right:0px;--awb-border-radius-bottom-left:0px;--awb-padding-top:72px;--awb-padding-bottom:0px;--awb-margin-bottom:20px;--awb-background-color:rgba(10,19,35,0.4);--awb-background-image:url(&quot;https:\/\/ditoma.de\/wp-content\/uploads\/2020\/02\/fareeast_header_web-3.jpg&quot;);--awb-background-size:cover;--awb-flex-wrap:wrap;\" ><div class=\"fusion-builder-row fusion-row\"><div class=\"fusion-layout-column fusion_builder_column fusion-builder-column-0 fusion_builder_column_1_1 1_1 fusion-one-full fusion-column-first fusion-column-last fusion-column-no-min-height\" style=\"--awb-bg-blend:overlay;--awb-bg-size:cover;--awb-margin-bottom:0px;\"><div class=\"fusion-column-wrapper fusion-flex-column-wrapper-legacy\"><div class=\"fusion-sep-clear\"><\/div><div class=\"fusion-separator fusion-no-small-visibility fusion-no-medium-visibility fusion-full-width-sep\" style=\"margin-left: auto;margin-right: auto;margin-top:170px;width:100%;\"><\/div><div class=\"fusion-sep-clear\"><\/div><div class=\"fusion-title title fusion-title-1 fusion-sep-none fusion-title-center fusion-title-text fusion-title-size-one\" style=\"--awb-text-color:#ffffff;--awb-margin-bottom:0px;--awb-margin-right-small:0px;--awb-margin-bottom-small:0px;--awb-margin-left-small:0px;\"><h1 class=\"fusion-title-heading title-heading-center fusion-responsive-typography-calculated\" style=\"margin:0;--fontSize:45;line-height:1.5;\">FAREAST<\/h1><\/div><div class=\"fusion-text fusion-text-1\"><p style=\"text-align: center;\"><span style=\"color: #ffffff; font-size: 14pt;\">UNLIMITED INNOVATION<\/span><\/p>\n<\/div><div class=\"fusion-sep-clear\"><\/div><div class=\"fusion-separator fusion-no-medium-visibility fusion-no-large-visibility fusion-full-width-sep\" style=\"margin-left: auto;margin-right: auto;margin-top:40px;width:100%;\"><\/div><div class=\"fusion-sep-clear\"><\/div><div class=\"fusion-section-separator section-separator waves-opacity fusion-section-separator-1\" style=\"--awb-spacer-padding-top:21.09375%;--awb-svg-margin-left:0;--awb-svg-margin-right:0;--awb-sep-font-size:0;--awb-sep-line-height:0;\"><div class=\"fusion-section-separator-svg\"><svg class=\"fusion-waves-opacity-candy\" xmlns=\"http:\/\/www.w3.org\/2000\/svg\" version=\"1.1\" width=\"100%\" viewBox=\"0 0 1024 216\" preserveAspectRatio=\"none\" fill=\"rgba(255,255,255,1)\"><path class=\"st0\" d=\"M1024.1 1.068c-19.4-.5-38.7-1.6-57.7-.3-206.6 15-248.5 126.6-455 143.8-184.8 15.5-285.7-60.9-464.3-41.3-16.9 1.8-32.5 4.4-47.1 7.6l.1 105.2h1024v-215z\"\/>\n\t\t\t\t\t\t\t\t\t\t<path class=\"st1\" d=\"M1024.1 20.068c-30.2-1.6-59.6-1.6-86.8.4-206.6 15.1-197.3 122.6-403.9 139.8-184.9 15.5-278.5-58.2-457.1-38.4-28.3 3.2-53.5 8.2-76.2 14.6v79.744h1024V20.068z\"\/>\n\t\t\t\t\t\t\t\t\t\t<path class=\"st2\" d=\"M1024.1 46.668c-22.2-.3-43.8.2-64.2 1.7-206.6 15-197.8 112.5-404.4 129.7-184.8 15.5-226.8-51.1-405.4-31.3-54.8 6-104.9 18.3-150 33.7v35.744h1024V46.668z\"\/>\n\t\t\t\t\t\t\t\t\t\t<path class=\"st3\" d=\"M1024.1 54.368c-4 .2-8 .4-11.9.7-206.5 15.1-227.9 124.4-434.5 141.6-184.9 15.5-226.3-41.1-404.9-21.3-64 7.2-121.9 20.8-172.7 37.9v3.044h1024V54.368z\"\/>\n\t\t\t\t\t\t\t\t\t<\/svg><\/div><div class=\"fusion-section-separator-spacer\"><div class=\"fusion-section-separator-spacer-height\"><\/div><\/div><\/div><div class=\"fusion-clearfix\"><\/div><\/div><\/div><\/div><\/div><div class=\"fusion-fullwidth fullwidth-box fusion-builder-row-2 nonhundred-percent-fullwidth non-hundred-percent-height-scrolling\" style=\"--awb-background-position:left top;--awb-border-sizes-top:0px;--awb-border-sizes-bottom:0px;--awb-border-sizes-left:0px;--awb-border-sizes-right:0px;--awb-border-radius-top-left:0px;--awb-border-radius-top-right:0px;--awb-border-radius-bottom-right:0px;--awb-border-radius-bottom-left:0px;--awb-padding-top:60px;--awb-padding-bottom:0px;--awb-flex-wrap:wrap;\" ><div class=\"fusion-builder-row fusion-row\"><div class=\"fusion-layout-column fusion_builder_column fusion-builder-column-1 fusion_builder_column_1_6 1_6 fusion-one-sixth fusion-column-first fusion-no-small-visibility\" style=\"--awb-bg-size:cover;width:16.666666666667%;width:calc(16.666666666667% - ( ( 4% + 4% ) * 0.16666666666667 ) );margin-right: 4%;\"><div class=\"fusion-column-wrapper fusion-column-has-shadow fusion-flex-column-wrapper-legacy\"><div class=\"fusion-clearfix\"><\/div><\/div><\/div><div class=\"fusion-layout-column fusion_builder_column fusion-builder-column-2 fusion_builder_column_2_3 2_3 fusion-two-third fusion-column-no-min-height\" style=\"--awb-padding-bottom:00px;--awb-bg-size:cover;width:66.666666666667%;width:calc(66.666666666667% - ( ( 4% + 4% ) * 0.66666666666667 ) );margin-right: 4%;\"><div class=\"fusion-column-wrapper fusion-flex-column-wrapper-legacy\"><div class=\"fusion-image-element fusion-image-align-center in-legacy-container\" style=\"text-align:center;--awb-max-width:200px;--awb-caption-title-font-family:var(--h2_typography-font-family);--awb-caption-title-font-weight:var(--h2_typography-font-weight);--awb-caption-title-font-style:var(--h2_typography-font-style);--awb-caption-title-size:var(--h2_typography-font-size);--awb-caption-title-transform:var(--h2_typography-text-transform);--awb-caption-title-line-height:var(--h2_typography-line-height);--awb-caption-title-letter-spacing:var(--h2_typography-letter-spacing);\"><div class=\"imageframe-align-center\"><span class=\" fusion-imageframe imageframe-none imageframe-1 hover-type-none\"><img decoding=\"async\" width=\"472\" height=\"362\" alt=\"FAREAST - unlimited innovation\" title=\"FAREAST &#8211; unlimited innovation\" src=\"https:\/\/ditoma.de\/wp-content\/uploads\/2020\/02\/Logo-FAREAST-01.png\" class=\"img-responsive wp-image-1078\" srcset=\"https:\/\/ditoma.de\/wp-content\/uploads\/2020\/02\/Logo-FAREAST-01-200x153.png 200w, https:\/\/ditoma.de\/wp-content\/uploads\/2020\/02\/Logo-FAREAST-01-400x307.png 400w, https:\/\/ditoma.de\/wp-content\/uploads\/2020\/02\/Logo-FAREAST-01.png 472w\" sizes=\"(max-width: 800px) 100vw, 472px\" \/><\/span><\/div><\/div><div class=\"fusion-title title fusion-title-2 fusion-sep-none fusion-title-center fusion-title-text fusion-title-size-two\" style=\"--awb-text-color:#ff0000;--awb-margin-top:30px;--awb-margin-top-small:30px;--awb-margin-right-small:0px;--awb-margin-left-small:0px;--awb-sep-color:#ff0000;\"><h2 class=\"fusion-title-heading title-heading-center fusion-responsive-typography-calculated\" style=\"margin:0;--fontSize:40;line-height:1.5;\"><strong>A sailing boat for the next generation<\/strong><\/h2><\/div><div class=\"fusion-text fusion-text-2\"><p style=\"text-align: center;\">FarEast is one of the leading OPTIMIST manufacturers worldwide. At Bootspunkt, customers can find not only FarEast OPTIMISTEN but also extensive accessories and receive competent advice on all aspects of the classic sailing boat for children.<\/p>\n<\/div><div class=\"fusion-sep-clear\"><\/div><div class=\"fusion-separator fusion-full-width-sep\" style=\"margin-left: auto;margin-right: auto;margin-top:15px;width:100%;\"><\/div><div class=\"fusion-sep-clear\"><\/div><div class=\"fusion-clearfix\"><\/div><\/div><\/div><div class=\"fusion-layout-column fusion_builder_column fusion-builder-column-3 fusion_builder_column_1_6 1_6 fusion-one-sixth fusion-column-last fusion-no-small-visibility\" style=\"--awb-bg-size:cover;width:16.666666666667%;width:calc(16.666666666667% - ( ( 4% + 4% ) * 0.16666666666667 ) );\"><div class=\"fusion-column-wrapper fusion-column-has-shadow fusion-flex-column-wrapper-legacy\"><div class=\"fusion-clearfix\"><\/div><\/div><\/div><\/div><\/div><div class=\"fusion-fullwidth fullwidth-box fusion-builder-row-3 hundred-percent-fullwidth non-hundred-percent-height-scrolling fusion-equal-height-columns\" style=\"--awb-background-position:left top;--awb-border-sizes-top:0px;--awb-border-sizes-bottom:0px;--awb-border-sizes-left:0px;--awb-border-sizes-right:0px;--awb-border-radius-top-left:0px;--awb-border-radius-top-right:0px;--awb-border-radius-bottom-right:0px;--awb-border-radius-bottom-left:0px;--awb-padding-top:100px;--awb-padding-right:0px;--awb-padding-bottom:0px;--awb-padding-left:0px;--awb-flex-wrap:wrap;\" ><div class=\"fusion-builder-row fusion-row\"><div class=\"fusion-layout-column fusion_builder_column fusion-builder-column-4 fusion_builder_column_1_2 1_2 fusion-one-half fusion-column-first\" style=\"--awb-padding-top:17%;--awb-padding-right:17%;--awb-padding-bottom:17%;--awb-padding-left:17%;--awb-bg-size:cover;--awb-margin-bottom:0px;\"><div class=\"fusion-column-wrapper fusion-flex-column-wrapper-legacy\"><div class=\"fusion-column-content-centered\"><div class=\"fusion-column-content\"><div class=\"fusion-title title fusion-title-3 fusion-sep-none fusion-title-text fusion-title-size-six\" style=\"--awb-text-color:#474747;--awb-margin-bottom:15px;--awb-margin-top-small:0px;--awb-margin-right-small:0px;--awb-margin-bottom-small:20px;--awb-margin-left-small:0px;\"><h6 class=\"fusion-title-heading title-heading-left fusion-responsive-typography-calculated\" style=\"margin:0;--fontSize:13;--minFontSize:13;line-height:1.5;\">START WITH AN OPTIMIST<\/h6><\/div><div class=\"fusion-title title fusion-title-4 fusion-sep-none fusion-title-text fusion-title-size-two\" style=\"--awb-text-color:#ff0000;--awb-margin-top-small:0px;--awb-margin-right-small:0px;--awb-margin-bottom-small:20px;--awb-margin-left-small:0px;\"><h2 class=\"fusion-title-heading title-heading-left fusion-responsive-typography-calculated\" style=\"margin:0;--fontSize:40;line-height:1.5;\"><p>Everyone starts out small<\/p>\n<p><\/h2><\/div><div class=\"fusion-text fusion-text-3\"><p>Almost 80% of all sailboat fans give the same answer when asked about their very first sailboat: an OPTIMIST. This boat is small, one-handed and easy to learn. It is therefore ideal for introducing children to sailing in a playful way.<\/p>\n<\/div><\/div><\/div><div class=\"fusion-clearfix\"><\/div><\/div><\/div><div class=\"fusion-layout-column fusion_builder_column fusion-builder-column-5 fusion_builder_column_1_2 1_2 fusion-one-half fusion-column-last fusion-column-inner-bg-wrapper fusion-animated\" style=\"--awb-inner-bg-color:#1a1a1a;--awb-inner-bg-color-hover:#1a1a1a;--awb-inner-bg-image:url(&#039;https:\/\/ditoma.de\/wp-content\/uploads\/2020\/02\/fareeast_content_web-1.jpg&#039;);--awb-inner-bg-position:center top;--awb-inner-bg-size:cover;--awb-margin-bottom:0px;\" data-animationType=\"fadeInRight\" data-animationDuration=\"0.5\" data-animationOffset=\"top-into-view\"><span class=\"fusion-column-inner-bg hover-type-zoomin\"><span class=\"fusion-column-anchor\"><span class=\"fusion-column-inner-bg-image\"><\/span><\/span><\/span><div class=\"fusion-column-wrapper fusion-column-has-shadow fusion-flex-column-wrapper-legacy fusion-empty-column-bg-image fusion-column-has-bg-image\" data-bg-url=\"https:\/\/ditoma.de\/wp-content\/uploads\/2020\/02\/fareeast_content_web-1.jpg\"><img decoding=\"async\" class=\"fusion-empty-dims-img-placeholder fusion-no-large-visibility\" src=\"data:image\/svg+xml,%3Csvg%20xmlns%3D%27http%3A%2F%2Fwww.w3.org%2F2000%2Fsvg%27%20width%3D%271440%27%20height%3D%27900%27%20viewBox%3D%270%200%201440%20900%27%3E%3Crect%20width%3D%271440%27%20height%3D%27900%27%20fill-opacity%3D%220%22%2F%3E%3C%2Fsvg%3E\"><div class=\"fusion-clearfix\"><\/div><\/div><\/div><\/div><\/div><div class=\"fusion-fullwidth fullwidth-box fusion-builder-row-4 hundred-percent-fullwidth non-hundred-percent-height-scrolling fusion-equal-height-columns\" style=\"--awb-background-position:left top;--awb-border-sizes-top:0px;--awb-border-sizes-bottom:0px;--awb-border-sizes-left:0px;--awb-border-sizes-right:0px;--awb-border-radius-top-left:0px;--awb-border-radius-top-right:0px;--awb-border-radius-bottom-right:0px;--awb-border-radius-bottom-left:0px;--awb-padding-top:0px;--awb-padding-right:0px;--awb-padding-bottom:0px;--awb-padding-left:0px;--awb-flex-wrap:wrap;\" ><div class=\"fusion-builder-row fusion-row\"><div class=\"fusion-layout-column fusion_builder_column fusion-builder-column-6 fusion_builder_column_1_2 1_2 fusion-one-half fusion-column-first fusion-column-inner-bg-wrapper fusion-animated\" style=\"--awb-inner-bg-color:#1a1a1a;--awb-inner-bg-color-hover:#1a1a1a;--awb-inner-bg-image:url(&#039;https:\/\/ditoma.de\/wp-content\/uploads\/2020\/02\/fareeast_content_web-2.jpg&#039;);--awb-inner-bg-position:center top;--awb-inner-bg-size:cover;--awb-margin-bottom:0px;\" data-animationType=\"fadeInLeft\" data-animationDuration=\"0.5\" data-animationOffset=\"top-into-view\"><span class=\"fusion-column-inner-bg hover-type-zoomin\"><span class=\"fusion-column-anchor\"><span class=\"fusion-column-inner-bg-image\"><\/span><\/span><\/span><div class=\"fusion-column-wrapper fusion-column-has-shadow fusion-flex-column-wrapper-legacy fusion-empty-column-bg-image fusion-column-has-bg-image\" data-bg-url=\"https:\/\/ditoma.de\/wp-content\/uploads\/2020\/02\/fareeast_content_web-2.jpg\"><img decoding=\"async\" class=\"fusion-empty-dims-img-placeholder fusion-no-large-visibility\" src=\"data:image\/svg+xml,%3Csvg%20xmlns%3D%27http%3A%2F%2Fwww.w3.org%2F2000%2Fsvg%27%20width%3D%271440%27%20height%3D%27900%27%20viewBox%3D%270%200%201440%20900%27%3E%3Crect%20width%3D%271440%27%20height%3D%27900%27%20fill-opacity%3D%220%22%2F%3E%3C%2Fsvg%3E\"><div class=\"fusion-clearfix\"><\/div><\/div><\/div><div class=\"fusion-layout-column fusion_builder_column fusion-builder-column-7 fusion_builder_column_1_2 1_2 fusion-one-half fusion-column-last\" style=\"--awb-padding-top:17%;--awb-padding-right:17%;--awb-padding-bottom:17%;--awb-padding-left:17%;--awb-bg-size:cover;--awb-margin-bottom:0px;\"><div class=\"fusion-column-wrapper fusion-flex-column-wrapper-legacy\"><div class=\"fusion-column-content-centered\"><div class=\"fusion-column-content\"><div class=\"fusion-title title fusion-title-5 fusion-sep-none fusion-title-text fusion-title-size-six\" style=\"--awb-text-color:#474747;--awb-margin-bottom:15px;--awb-margin-top-small:0px;--awb-margin-right-small:0px;--awb-margin-bottom-small:20px;--awb-margin-left-small:0px;\"><h6 class=\"fusion-title-heading title-heading-left fusion-responsive-typography-calculated\" style=\"margin:0;--fontSize:13;--minFontSize:13;line-height:1.5;\">QUALITY THAT CONVINCES<\/h6><\/div><div class=\"fusion-title title fusion-title-6 fusion-sep-none fusion-title-text fusion-title-size-two\" style=\"--awb-text-color:#ff0000;--awb-margin-top-small:0px;--awb-margin-right-small:0px;--awb-margin-bottom-small:20px;--awb-margin-left-small:0px;\"><h2 class=\"fusion-title-heading title-heading-left fusion-responsive-typography-calculated\" style=\"margin:0;--fontSize:40;line-height:1.5;\">FarEast OPTIMISTEN and equipment<\/h2><\/div><div class=\"fusion-text fusion-text-4\"><p>Today, numerous young people all over the world train with this type of boat and thus start their training career. FarEast is regularly able to convince with top quality, which is why the OPTIMISTS from FarEast are also among the best-selling models worldwide. At Bootspunkt you can find not only OPTIMISTEN but also accessories such as sails, tiller or masts.<\/p>\n<\/div><\/div><\/div><div class=\"fusion-clearfix\"><\/div><\/div><\/div><\/div><\/div><\/p>\n","protected":false},"excerpt":{"rendered":"","protected":false},"author":1,"featured_media":1174,"parent":1049,"menu_order":0,"comment_status":"closed","ping_status":"closed","template":"100-width.php","meta":{"footnotes":""},"class_list":["post-1076","page","type-page","status-publish","has-post-thumbnail","hentry"],"yoast_head":"<!-- This site is optimized with the Yoast SEO plugin v27.3 - https:\/\/yoast.com\/product\/yoast-seo-wordpress\/ -->\n<title>FarEast - DITOMA GmbH - Gro\u00dfhandel f\u00fcr Autolacke, Lackierzubeh\u00f6r &amp; Bootsbedarf<\/title>\n<meta name=\"robots\" content=\"index, follow, max-snippet:-1, max-image-preview:large, max-video-preview:-1\" \/>\n<link rel=\"canonical\" href=\"https:\/\/ditoma.de\/en\/boats-and-equipment\/fareast\/\" \/>\n<meta property=\"og:locale\" content=\"en_US\" \/>\n<meta property=\"og:type\" content=\"article\" \/>\n<meta property=\"og:title\" content=\"FarEast - DITOMA GmbH - Gro\u00dfhandel f\u00fcr Autolacke, Lackierzubeh\u00f6r &amp; Bootsbedarf\" \/>\n<meta property=\"og:url\" content=\"https:\/\/ditoma.de\/en\/boats-and-equipment\/fareast\/\" \/>\n<meta property=\"og:site_name\" content=\"DITOMA GmbH - Gro\u00dfhandel f\u00fcr Autolacke, Lackierzubeh\u00f6r &amp; Bootsbedarf\" \/>\n<meta property=\"article:modified_time\" content=\"2020-11-23T07:38:16+00:00\" \/>\n<meta property=\"og:image\" content=\"https:\/\/ditoma.de\/wp-content\/uploads\/2020\/02\/fareeast_content_web-3.jpg\" \/>\n\t<meta property=\"og:image:width\" content=\"1440\" \/>\n\t<meta property=\"og:image:height\" content=\"900\" \/>\n\t<meta property=\"og:image:type\" content=\"image\/jpeg\" \/>\n<meta name=\"twitter:card\" content=\"summary_large_image\" \/>\n<meta name=\"twitter:label1\" content=\"Est. reading time\" \/>\n\t<meta name=\"twitter:data1\" content=\"14 minutes\" \/>\n<script type=\"application\/ld+json\" class=\"yoast-schema-graph\">{\"@context\":\"https:\\\/\\\/schema.org\",\"@graph\":[{\"@type\":\"WebPage\",\"@id\":\"https:\\\/\\\/ditoma.de\\\/en\\\/boats-and-equipment\\\/fareast\\\/\",\"url\":\"https:\\\/\\\/ditoma.de\\\/en\\\/boats-and-equipment\\\/fareast\\\/\",\"name\":\"FarEast - DITOMA GmbH - Gro\u00dfhandel f\u00fcr Autolacke, Lackierzubeh\u00f6r &amp; Bootsbedarf\",\"isPartOf\":{\"@id\":\"https:\\\/\\\/ditoma.de\\\/en\\\/#website\"},\"primaryImageOfPage\":{\"@id\":\"https:\\\/\\\/ditoma.de\\\/en\\\/boats-and-equipment\\\/fareast\\\/#primaryimage\"},\"image\":{\"@id\":\"https:\\\/\\\/ditoma.de\\\/en\\\/boats-and-equipment\\\/fareast\\\/#primaryimage\"},\"thumbnailUrl\":\"https:\\\/\\\/ditoma.de\\\/wp-content\\\/uploads\\\/2020\\\/02\\\/fareeast_content_web-3.jpg\",\"datePublished\":\"2020-06-13T22:35:10+00:00\",\"dateModified\":\"2020-11-23T07:38:16+00:00\",\"breadcrumb\":{\"@id\":\"https:\\\/\\\/ditoma.de\\\/en\\\/boats-and-equipment\\\/fareast\\\/#breadcrumb\"},\"inLanguage\":\"en-US\",\"potentialAction\":[{\"@type\":\"ReadAction\",\"target\":[\"https:\\\/\\\/ditoma.de\\\/en\\\/boats-and-equipment\\\/fareast\\\/\"]}]},{\"@type\":\"ImageObject\",\"inLanguage\":\"en-US\",\"@id\":\"https:\\\/\\\/ditoma.de\\\/en\\\/boats-and-equipment\\\/fareast\\\/#primaryimage\",\"url\":\"https:\\\/\\\/ditoma.de\\\/wp-content\\\/uploads\\\/2020\\\/02\\\/fareeast_content_web-3.jpg\",\"contentUrl\":\"https:\\\/\\\/ditoma.de\\\/wp-content\\\/uploads\\\/2020\\\/02\\\/fareeast_content_web-3.jpg\",\"width\":1440,\"height\":900,\"caption\":\"FarEast\"},{\"@type\":\"BreadcrumbList\",\"@id\":\"https:\\\/\\\/ditoma.de\\\/en\\\/boats-and-equipment\\\/fareast\\\/#breadcrumb\",\"itemListElement\":[{\"@type\":\"ListItem\",\"position\":1,\"name\":\"Startseite\",\"item\":\"https:\\\/\\\/ditoma.de\\\/en\\\/home\\\/\"},{\"@type\":\"ListItem\",\"position\":2,\"name\":\"Boats and equipment\",\"item\":\"https:\\\/\\\/ditoma.de\\\/en\\\/boote-und-zubehoer\\\/\"},{\"@type\":\"ListItem\",\"position\":3,\"name\":\"FarEast\"}]},{\"@type\":\"WebSite\",\"@id\":\"https:\\\/\\\/ditoma.de\\\/en\\\/#website\",\"url\":\"https:\\\/\\\/ditoma.de\\\/en\\\/\",\"name\":\"DITOMA GmbH - Gro\u00dfhandel f\u00fcr Autolacke, Lackierzubeh\u00f6r &amp; Bootsbedarf\",\"description\":\"\",\"publisher\":{\"@id\":\"https:\\\/\\\/ditoma.de\\\/en\\\/#organization\"},\"potentialAction\":[{\"@type\":\"SearchAction\",\"target\":{\"@type\":\"EntryPoint\",\"urlTemplate\":\"https:\\\/\\\/ditoma.de\\\/en\\\/?s={search_term_string}\"},\"query-input\":{\"@type\":\"PropertyValueSpecification\",\"valueRequired\":true,\"valueName\":\"search_term_string\"}}],\"inLanguage\":\"en-US\"},{\"@type\":\"Organization\",\"@id\":\"https:\\\/\\\/ditoma.de\\\/en\\\/#organization\",\"name\":\"DITOMA GmbH - Gro\u00dfhandel f\u00fcr Autolacke, Lackierzubeh\u00f6r &amp; Bootsbedarf\",\"url\":\"https:\\\/\\\/ditoma.de\\\/en\\\/\",\"logo\":{\"@type\":\"ImageObject\",\"inLanguage\":\"en-US\",\"@id\":\"https:\\\/\\\/ditoma.de\\\/en\\\/#\\\/schema\\\/logo\\\/image\\\/\",\"url\":\"https:\\\/\\\/ditoma.de\\\/wp-content\\\/uploads\\\/2020\\\/06\\\/ditoma-logo-500x143-1.png\",\"contentUrl\":\"https:\\\/\\\/ditoma.de\\\/wp-content\\\/uploads\\\/2020\\\/06\\\/ditoma-logo-500x143-1.png\",\"width\":500,\"height\":143,\"caption\":\"DITOMA GmbH - Gro\u00dfhandel f\u00fcr Autolacke, Lackierzubeh\u00f6r &amp; Bootsbedarf\"},\"image\":{\"@id\":\"https:\\\/\\\/ditoma.de\\\/en\\\/#\\\/schema\\\/logo\\\/image\\\/\"},\"sameAs\":[\"https:\\\/\\\/de.linkedin.com\\\/company\\\/ditoma-gmbh\"]}]}<\/script>\n<!-- \/ Yoast SEO plugin. -->","yoast_head_json":{"title":"FarEast - DITOMA GmbH - Gro\u00dfhandel f\u00fcr Autolacke, Lackierzubeh\u00f6r &amp; Bootsbedarf","robots":{"index":"index","follow":"follow","max-snippet":"max-snippet:-1","max-image-preview":"max-image-preview:large","max-video-preview":"max-video-preview:-1"},"canonical":"https:\/\/ditoma.de\/en\/boats-and-equipment\/fareast\/","og_locale":"en_US","og_type":"article","og_title":"FarEast - DITOMA GmbH - Gro\u00dfhandel f\u00fcr Autolacke, Lackierzubeh\u00f6r &amp; Bootsbedarf","og_url":"https:\/\/ditoma.de\/en\/boats-and-equipment\/fareast\/","og_site_name":"DITOMA GmbH - Gro\u00dfhandel f\u00fcr Autolacke, Lackierzubeh\u00f6r &amp; Bootsbedarf","article_modified_time":"2020-11-23T07:38:16+00:00","og_image":[{"width":1440,"height":900,"url":"https:\/\/ditoma.de\/wp-content\/uploads\/2020\/02\/fareeast_content_web-3.jpg","type":"image\/jpeg"}],"twitter_card":"summary_large_image","twitter_misc":{"Est. reading time":"14 minutes"},"schema":{"@context":"https:\/\/schema.org","@graph":[{"@type":"WebPage","@id":"https:\/\/ditoma.de\/en\/boats-and-equipment\/fareast\/","url":"https:\/\/ditoma.de\/en\/boats-and-equipment\/fareast\/","name":"FarEast - DITOMA GmbH - Gro\u00dfhandel f\u00fcr Autolacke, Lackierzubeh\u00f6r &amp; Bootsbedarf","isPartOf":{"@id":"https:\/\/ditoma.de\/en\/#website"},"primaryImageOfPage":{"@id":"https:\/\/ditoma.de\/en\/boats-and-equipment\/fareast\/#primaryimage"},"image":{"@id":"https:\/\/ditoma.de\/en\/boats-and-equipment\/fareast\/#primaryimage"},"thumbnailUrl":"https:\/\/ditoma.de\/wp-content\/uploads\/2020\/02\/fareeast_content_web-3.jpg","datePublished":"2020-06-13T22:35:10+00:00","dateModified":"2020-11-23T07:38:16+00:00","breadcrumb":{"@id":"https:\/\/ditoma.de\/en\/boats-and-equipment\/fareast\/#breadcrumb"},"inLanguage":"en-US","potentialAction":[{"@type":"ReadAction","target":["https:\/\/ditoma.de\/en\/boats-and-equipment\/fareast\/"]}]},{"@type":"ImageObject","inLanguage":"en-US","@id":"https:\/\/ditoma.de\/en\/boats-and-equipment\/fareast\/#primaryimage","url":"https:\/\/ditoma.de\/wp-content\/uploads\/2020\/02\/fareeast_content_web-3.jpg","contentUrl":"https:\/\/ditoma.de\/wp-content\/uploads\/2020\/02\/fareeast_content_web-3.jpg","width":1440,"height":900,"caption":"FarEast"},{"@type":"BreadcrumbList","@id":"https:\/\/ditoma.de\/en\/boats-and-equipment\/fareast\/#breadcrumb","itemListElement":[{"@type":"ListItem","position":1,"name":"Startseite","item":"https:\/\/ditoma.de\/en\/home\/"},{"@type":"ListItem","position":2,"name":"Boats and equipment","item":"https:\/\/ditoma.de\/en\/boote-und-zubehoer\/"},{"@type":"ListItem","position":3,"name":"FarEast"}]},{"@type":"WebSite","@id":"https:\/\/ditoma.de\/en\/#website","url":"https:\/\/ditoma.de\/en\/","name":"DITOMA GmbH - Gro\u00dfhandel f\u00fcr Autolacke, Lackierzubeh\u00f6r &amp; Bootsbedarf","description":"","publisher":{"@id":"https:\/\/ditoma.de\/en\/#organization"},"potentialAction":[{"@type":"SearchAction","target":{"@type":"EntryPoint","urlTemplate":"https:\/\/ditoma.de\/en\/?s={search_term_string}"},"query-input":{"@type":"PropertyValueSpecification","valueRequired":true,"valueName":"search_term_string"}}],"inLanguage":"en-US"},{"@type":"Organization","@id":"https:\/\/ditoma.de\/en\/#organization","name":"DITOMA GmbH - Gro\u00dfhandel f\u00fcr Autolacke, Lackierzubeh\u00f6r &amp; Bootsbedarf","url":"https:\/\/ditoma.de\/en\/","logo":{"@type":"ImageObject","inLanguage":"en-US","@id":"https:\/\/ditoma.de\/en\/#\/schema\/logo\/image\/","url":"https:\/\/ditoma.de\/wp-content\/uploads\/2020\/06\/ditoma-logo-500x143-1.png","contentUrl":"https:\/\/ditoma.de\/wp-content\/uploads\/2020\/06\/ditoma-logo-500x143-1.png","width":500,"height":143,"caption":"DITOMA GmbH - Gro\u00dfhandel f\u00fcr Autolacke, Lackierzubeh\u00f6r &amp; Bootsbedarf"},"image":{"@id":"https:\/\/ditoma.de\/en\/#\/schema\/logo\/image\/"},"sameAs":["https:\/\/de.linkedin.com\/company\/ditoma-gmbh"]}]}},"_links":{"self":[{"href":"https:\/\/ditoma.de\/en\/wp-json\/wp\/v2\/pages\/1076","targetHints":{"allow":["GET"]}}],"collection":[{"href":"https:\/\/ditoma.de\/en\/wp-json\/wp\/v2\/pages"}],"about":[{"href":"https:\/\/ditoma.de\/en\/wp-json\/wp\/v2\/types\/page"}],"author":[{"embeddable":true,"href":"https:\/\/ditoma.de\/en\/wp-json\/wp\/v2\/users\/1"}],"replies":[{"embeddable":true,"href":"https:\/\/ditoma.de\/en\/wp-json\/wp\/v2\/comments?post=1076"}],"version-history":[{"count":5,"href":"https:\/\/ditoma.de\/en\/wp-json\/wp\/v2\/pages\/1076\/revisions"}],"predecessor-version":[{"id":1410,"href":"https:\/\/ditoma.de\/en\/wp-json\/wp\/v2\/pages\/1076\/revisions\/1410"}],"up":[{"embeddable":true,"href":"https:\/\/ditoma.de\/en\/wp-json\/wp\/v2\/pages\/1049"}],"wp:featuredmedia":[{"embeddable":true,"href":"https:\/\/ditoma.de\/en\/wp-json\/wp\/v2\/media\/1174"}],"wp:attachment":[{"href":"https:\/\/ditoma.de\/en\/wp-json\/wp\/v2\/media?parent=1076"}],"curies":[{"name":"wp","href":"https:\/\/api.w.org\/{rel}","templated":true}]}}