{"id":1099,"date":"2020-06-14T00:48:01","date_gmt":"2020-06-13T22:48:01","guid":{"rendered":"https:\/\/ditoma.de\/imprint\/"},"modified":"2023-01-05T11:49:47","modified_gmt":"2023-01-05T10:49:47","slug":"imprint","status":"publish","type":"page","link":"https:\/\/ditoma.de\/en\/imprint\/","title":{"rendered":"Imprint"},"content":{"rendered":"<div class=\"fusion-fullwidth fullwidth-box fusion-builder-row-1 nonhundred-percent-fullwidth non-hundred-percent-height-scrolling\" style=\"--awb-border-radius-top-left:0px;--awb-border-radius-top-right:0px;--awb-border-radius-bottom-right:0px;--awb-border-radius-bottom-left:0px;--awb-flex-wrap:wrap;\" ><div class=\"fusion-builder-row fusion-row\"><div class=\"fusion-layout-column fusion_builder_column fusion-builder-column-0 fusion_builder_column_1_1 1_1 fusion-one-full fusion-column-first fusion-column-last\" style=\"--awb-bg-size:cover;\"><div class=\"fusion-column-wrapper fusion-column-has-shadow fusion-flex-column-wrapper-legacy\"><div class=\"fusion-text fusion-text-1\"><h3>IMPRINT<\/h3>\n<p class=\"bodytext\"><strong>DITOMA GmbH<\/strong><br \/>\nMauserstra\u00dfe 6\/2<br \/>\n71640 Ludwigsburg<\/p>\n<p class=\"bodytext\">Telefon: +49 (0) 7141 \/ 99 055-0<br \/>\nTelefax: +49 (0) 7141 \/ 99 055-22<br \/>\nE-Mail:<a href=\"javascript:linkTo_UnCryptMailto('nbjmup;jogpAejupnb\/ef');\">info [at] ditoma.de<\/a><\/p>\n<p class=\"bodytext\"><strong>Sitz der Gesellschaft<\/strong><br \/>\nMauserstra\u00dfe 6\/2<br \/>\n71640 Ludwigsburg<\/p>\n<p>USt.-ID gem\u00e4\u00df \u00a7 27a Umsatzsteuergesetz: DE 813 954 101<br \/>\nHRB: 207294 Stuttgart<br \/>\nGerichtsstand: Ludwigsburg<\/p>\n<p class=\"bodytext\">Gesch\u00e4ftsf\u00fchrer: Maren und Dirk Wei\u00dfenborn, Stefan Buck<br \/>\nVertretungsberechtigt: Maren und Dirk Wei\u00dfenborn, Stefan Buck<\/p>\n<p><strong>EU-Schlichtungsstelle<\/strong><br \/>\nDie EU-Kommission bietet die M\u00f6glichkeit zur Online-Streitbeilegung auf einer von ihr betriebenen Online-Plattform. Diese Plattform erreichen Sie \u00fcber den externen Link <a href=\"https:\/\/ec.europa.eu\/consumers\/odr\" target=\"_blank\" rel=\"noopener noreferrer\">https:\/\/ec.europa.eu\/consumers\/odr<\/a>\/.<\/p>\n<h3>GESTALTUNG &amp; PROGRAMMIERUNG<\/h3>\n<p class=\"bodytext\">David Caspar &#8211; Webmaster &amp; Designer<br \/>\n<a class=\"mail\" title=\"E-Mail an klarekoepfe.de\" href=\"https:\/\/david-caspar.de\" target=\"_blank\" rel=\"noopener noreferrer\">www.david-caspar.de<\/a><\/p>\n<\/div><div class=\"fusion-clearfix\"><\/div><\/div><\/div><\/div><\/div>\n","protected":false},"excerpt":{"rendered":"","protected":false},"author":1,"featured_media":1011,"parent":0,"menu_order":21,"comment_status":"closed","ping_status":"closed","template":"100-width.php","meta":{"footnotes":""},"class_list":["post-1099","page","type-page","status-publish","has-post-thumbnail","hentry"],"yoast_head":"<!-- This site is optimized with the Yoast SEO plugin v27.3 - https:\/\/yoast.com\/product\/yoast-seo-wordpress\/ -->\n<title>Imprint - DITOMA GmbH - Gro\u00dfhandel f\u00fcr Autolacke, Lackierzubeh\u00f6r &amp; Bootsbedarf<\/title>\n<meta name=\"robots\" content=\"index, follow, max-snippet:-1, max-image-preview:large, max-video-preview:-1\" \/>\n<link rel=\"canonical\" href=\"https:\/\/ditoma.de\/en\/imprint\/\" \/>\n<meta property=\"og:locale\" content=\"en_US\" \/>\n<meta property=\"og:type\" content=\"article\" \/>\n<meta property=\"og:title\" content=\"Imprint - DITOMA GmbH - Gro\u00dfhandel f\u00fcr Autolacke, Lackierzubeh\u00f6r &amp; Bootsbedarf\" \/>\n<meta property=\"og:url\" content=\"https:\/\/ditoma.de\/en\/imprint\/\" \/>\n<meta property=\"og:site_name\" content=\"DITOMA GmbH - Gro\u00dfhandel f\u00fcr Autolacke, Lackierzubeh\u00f6r &amp; Bootsbedarf\" \/>\n<meta property=\"article:modified_time\" content=\"2023-01-05T10:49:47+00:00\" \/>\n<meta property=\"og:image\" content=\"https:\/\/ditoma.de\/wp-content\/uploads\/2020\/06\/beitragsbild_ditoma.jpg\" \/>\n\t<meta property=\"og:image:width\" content=\"400\" \/>\n\t<meta property=\"og:image:height\" content=\"300\" \/>\n\t<meta property=\"og:image:type\" content=\"image\/jpeg\" \/>\n<meta name=\"twitter:card\" content=\"summary_large_image\" \/>\n<meta name=\"twitter:label1\" content=\"Est. reading time\" \/>\n\t<meta name=\"twitter:data1\" content=\"2 minutes\" \/>\n<script type=\"application\/ld+json\" class=\"yoast-schema-graph\">{\"@context\":\"https:\\\/\\\/schema.org\",\"@graph\":[{\"@type\":\"WebPage\",\"@id\":\"https:\\\/\\\/ditoma.de\\\/en\\\/imprint\\\/\",\"url\":\"https:\\\/\\\/ditoma.de\\\/en\\\/imprint\\\/\",\"name\":\"Imprint - DITOMA GmbH - Gro\u00dfhandel f\u00fcr Autolacke, Lackierzubeh\u00f6r &amp; Bootsbedarf\",\"isPartOf\":{\"@id\":\"https:\\\/\\\/ditoma.de\\\/en\\\/#website\"},\"primaryImageOfPage\":{\"@id\":\"https:\\\/\\\/ditoma.de\\\/en\\\/imprint\\\/#primaryimage\"},\"image\":{\"@id\":\"https:\\\/\\\/ditoma.de\\\/en\\\/imprint\\\/#primaryimage\"},\"thumbnailUrl\":\"https:\\\/\\\/ditoma.de\\\/wp-content\\\/uploads\\\/2020\\\/06\\\/beitragsbild_ditoma.jpg\",\"datePublished\":\"2020-06-13T22:48:01+00:00\",\"dateModified\":\"2023-01-05T10:49:47+00:00\",\"breadcrumb\":{\"@id\":\"https:\\\/\\\/ditoma.de\\\/en\\\/imprint\\\/#breadcrumb\"},\"inLanguage\":\"en-US\",\"potentialAction\":[{\"@type\":\"ReadAction\",\"target\":[\"https:\\\/\\\/ditoma.de\\\/en\\\/imprint\\\/\"]}]},{\"@type\":\"ImageObject\",\"inLanguage\":\"en-US\",\"@id\":\"https:\\\/\\\/ditoma.de\\\/en\\\/imprint\\\/#primaryimage\",\"url\":\"https:\\\/\\\/ditoma.de\\\/wp-content\\\/uploads\\\/2020\\\/06\\\/beitragsbild_ditoma.jpg\",\"contentUrl\":\"https:\\\/\\\/ditoma.de\\\/wp-content\\\/uploads\\\/2020\\\/06\\\/beitragsbild_ditoma.jpg\",\"width\":400,\"height\":300},{\"@type\":\"BreadcrumbList\",\"@id\":\"https:\\\/\\\/ditoma.de\\\/en\\\/imprint\\\/#breadcrumb\",\"itemListElement\":[{\"@type\":\"ListItem\",\"position\":1,\"name\":\"Startseite\",\"item\":\"https:\\\/\\\/ditoma.de\\\/en\\\/home\\\/\"},{\"@type\":\"ListItem\",\"position\":2,\"name\":\"Imprint\"}]},{\"@type\":\"WebSite\",\"@id\":\"https:\\\/\\\/ditoma.de\\\/en\\\/#website\",\"url\":\"https:\\\/\\\/ditoma.de\\\/en\\\/\",\"name\":\"DITOMA GmbH - Gro\u00dfhandel f\u00fcr Autolacke, Lackierzubeh\u00f6r &amp; Bootsbedarf\",\"description\":\"\",\"publisher\":{\"@id\":\"https:\\\/\\\/ditoma.de\\\/en\\\/#organization\"},\"potentialAction\":[{\"@type\":\"SearchAction\",\"target\":{\"@type\":\"EntryPoint\",\"urlTemplate\":\"https:\\\/\\\/ditoma.de\\\/en\\\/?s={search_term_string}\"},\"query-input\":{\"@type\":\"PropertyValueSpecification\",\"valueRequired\":true,\"valueName\":\"search_term_string\"}}],\"inLanguage\":\"en-US\"},{\"@type\":\"Organization\",\"@id\":\"https:\\\/\\\/ditoma.de\\\/en\\\/#organization\",\"name\":\"DITOMA GmbH - Gro\u00dfhandel f\u00fcr Autolacke, Lackierzubeh\u00f6r &amp; Bootsbedarf\",\"url\":\"https:\\\/\\\/ditoma.de\\\/en\\\/\",\"logo\":{\"@type\":\"ImageObject\",\"inLanguage\":\"en-US\",\"@id\":\"https:\\\/\\\/ditoma.de\\\/en\\\/#\\\/schema\\\/logo\\\/image\\\/\",\"url\":\"https:\\\/\\\/ditoma.de\\\/wp-content\\\/uploads\\\/2020\\\/06\\\/ditoma-logo-500x143-1.png\",\"contentUrl\":\"https:\\\/\\\/ditoma.de\\\/wp-content\\\/uploads\\\/2020\\\/06\\\/ditoma-logo-500x143-1.png\",\"width\":500,\"height\":143,\"caption\":\"DITOMA GmbH - Gro\u00dfhandel f\u00fcr Autolacke, Lackierzubeh\u00f6r &amp; Bootsbedarf\"},\"image\":{\"@id\":\"https:\\\/\\\/ditoma.de\\\/en\\\/#\\\/schema\\\/logo\\\/image\\\/\"},\"sameAs\":[\"https:\\\/\\\/de.linkedin.com\\\/company\\\/ditoma-gmbh\"]}]}<\/script>\n<!-- \/ Yoast SEO plugin. -->","yoast_head_json":{"title":"Imprint - DITOMA GmbH - Gro\u00dfhandel f\u00fcr Autolacke, Lackierzubeh\u00f6r &amp; Bootsbedarf","robots":{"index":"index","follow":"follow","max-snippet":"max-snippet:-1","max-image-preview":"max-image-preview:large","max-video-preview":"max-video-preview:-1"},"canonical":"https:\/\/ditoma.de\/en\/imprint\/","og_locale":"en_US","og_type":"article","og_title":"Imprint - DITOMA GmbH - Gro\u00dfhandel f\u00fcr Autolacke, Lackierzubeh\u00f6r &amp; Bootsbedarf","og_url":"https:\/\/ditoma.de\/en\/imprint\/","og_site_name":"DITOMA GmbH - Gro\u00dfhandel f\u00fcr Autolacke, Lackierzubeh\u00f6r &amp; Bootsbedarf","article_modified_time":"2023-01-05T10:49:47+00:00","og_image":[{"width":400,"height":300,"url":"https:\/\/ditoma.de\/wp-content\/uploads\/2020\/06\/beitragsbild_ditoma.jpg","type":"image\/jpeg"}],"twitter_card":"summary_large_image","twitter_misc":{"Est. reading time":"2 minutes"},"schema":{"@context":"https:\/\/schema.org","@graph":[{"@type":"WebPage","@id":"https:\/\/ditoma.de\/en\/imprint\/","url":"https:\/\/ditoma.de\/en\/imprint\/","name":"Imprint - DITOMA GmbH - Gro\u00dfhandel f\u00fcr Autolacke, Lackierzubeh\u00f6r &amp; Bootsbedarf","isPartOf":{"@id":"https:\/\/ditoma.de\/en\/#website"},"primaryImageOfPage":{"@id":"https:\/\/ditoma.de\/en\/imprint\/#primaryimage"},"image":{"@id":"https:\/\/ditoma.de\/en\/imprint\/#primaryimage"},"thumbnailUrl":"https:\/\/ditoma.de\/wp-content\/uploads\/2020\/06\/beitragsbild_ditoma.jpg","datePublished":"2020-06-13T22:48:01+00:00","dateModified":"2023-01-05T10:49:47+00:00","breadcrumb":{"@id":"https:\/\/ditoma.de\/en\/imprint\/#breadcrumb"},"inLanguage":"en-US","potentialAction":[{"@type":"ReadAction","target":["https:\/\/ditoma.de\/en\/imprint\/"]}]},{"@type":"ImageObject","inLanguage":"en-US","@id":"https:\/\/ditoma.de\/en\/imprint\/#primaryimage","url":"https:\/\/ditoma.de\/wp-content\/uploads\/2020\/06\/beitragsbild_ditoma.jpg","contentUrl":"https:\/\/ditoma.de\/wp-content\/uploads\/2020\/06\/beitragsbild_ditoma.jpg","width":400,"height":300},{"@type":"BreadcrumbList","@id":"https:\/\/ditoma.de\/en\/imprint\/#breadcrumb","itemListElement":[{"@type":"ListItem","position":1,"name":"Startseite","item":"https:\/\/ditoma.de\/en\/home\/"},{"@type":"ListItem","position":2,"name":"Imprint"}]},{"@type":"WebSite","@id":"https:\/\/ditoma.de\/en\/#website","url":"https:\/\/ditoma.de\/en\/","name":"DITOMA GmbH - Gro\u00dfhandel f\u00fcr Autolacke, Lackierzubeh\u00f6r &amp; Bootsbedarf","description":"","publisher":{"@id":"https:\/\/ditoma.de\/en\/#organization"},"potentialAction":[{"@type":"SearchAction","target":{"@type":"EntryPoint","urlTemplate":"https:\/\/ditoma.de\/en\/?s={search_term_string}"},"query-input":{"@type":"PropertyValueSpecification","valueRequired":true,"valueName":"search_term_string"}}],"inLanguage":"en-US"},{"@type":"Organization","@id":"https:\/\/ditoma.de\/en\/#organization","name":"DITOMA GmbH - Gro\u00dfhandel f\u00fcr Autolacke, Lackierzubeh\u00f6r &amp; Bootsbedarf","url":"https:\/\/ditoma.de\/en\/","logo":{"@type":"ImageObject","inLanguage":"en-US","@id":"https:\/\/ditoma.de\/en\/#\/schema\/logo\/image\/","url":"https:\/\/ditoma.de\/wp-content\/uploads\/2020\/06\/ditoma-logo-500x143-1.png","contentUrl":"https:\/\/ditoma.de\/wp-content\/uploads\/2020\/06\/ditoma-logo-500x143-1.png","width":500,"height":143,"caption":"DITOMA GmbH - Gro\u00dfhandel f\u00fcr Autolacke, Lackierzubeh\u00f6r &amp; Bootsbedarf"},"image":{"@id":"https:\/\/ditoma.de\/en\/#\/schema\/logo\/image\/"},"sameAs":["https:\/\/de.linkedin.com\/company\/ditoma-gmbh"]}]}},"_links":{"self":[{"href":"https:\/\/ditoma.de\/en\/wp-json\/wp\/v2\/pages\/1099","targetHints":{"allow":["GET"]}}],"collection":[{"href":"https:\/\/ditoma.de\/en\/wp-json\/wp\/v2\/pages"}],"about":[{"href":"https:\/\/ditoma.de\/en\/wp-json\/wp\/v2\/types\/page"}],"author":[{"embeddable":true,"href":"https:\/\/ditoma.de\/en\/wp-json\/wp\/v2\/users\/1"}],"replies":[{"embeddable":true,"href":"https:\/\/ditoma.de\/en\/wp-json\/wp\/v2\/comments?post=1099"}],"version-history":[{"count":5,"href":"https:\/\/ditoma.de\/en\/wp-json\/wp\/v2\/pages\/1099\/revisions"}],"predecessor-version":[{"id":1929,"href":"https:\/\/ditoma.de\/en\/wp-json\/wp\/v2\/pages\/1099\/revisions\/1929"}],"wp:featuredmedia":[{"embeddable":true,"href":"https:\/\/ditoma.de\/en\/wp-json\/wp\/v2\/media\/1011"}],"wp:attachment":[{"href":"https:\/\/ditoma.de\/en\/wp-json\/wp\/v2\/media?parent=1099"}],"curies":[{"name":"wp","href":"https:\/\/api.w.org\/{rel}","templated":true}]}}